{"id":1550,"date":"2025-03-14T14:09:44","date_gmt":"2025-03-14T13:09:44","guid":{"rendered":"https:\/\/frankengolfschule.de\/de\/?page_id=1550"},"modified":"2025-03-17T09:25:11","modified_gmt":"2025-03-17T08:25:11","slug":"wintertraining","status":"publish","type":"page","link":"https:\/\/frankengolfschule.de\/de\/wintertraining\/","title":{"rendered":"Wintertraining"},"content":{"rendered":"<p>[et_pb_section fb_built=\u201c1\u201d _builder_version=\u201c4.27.4\u201d _module_preset=\u201cdefault\u201d custom_margin=\u201c30px||0px||false|false\u201d custom_padding=\u201c0px||0px||true|false\u201d global_colors_info=\u201d{}\u201d][et_pb_row use_custom_gutter=\u201con\u201d gutter_width=\u201c1\u201d make_equal=\u201con\u201d admin_label=\u201cFransenrand\u201d _builder_version=\u201c4.27.4\u201d _module_preset=\u201cdefault\u201d background_color=\u201crgba(255,255,255,0.8)\u201d background_enable_image=\u201coff\u201d background_size=\u201ccontain\u201d background_position=\u201cbottom_center\u201d background_enable_pattern_style=\u201con\u201d background_pattern_style=\u201cdiagonal-stripes\u201d background_pattern_size=\u201ccustom\u201d background_pattern_width=\u201c5px\u201d background_pattern_height=\u201c0px\u201d background_pattern_repeat_origin=\u201ccenter\u201d width=\u201c100%\u201d height=\u201c5px\u201d custom_margin=\u201c0px||0px||true|false\u201d custom_padding=\u201c0px||0px||false|false\u201d global_colors_info=\u201d{}\u201d][et_pb_column type=\u201c4_4\u201d _builder_version=\u201c4.27.4\u201d _module_preset=\u201cdefault\u201d custom_padding=\u201c40px|30px|||false|false\u201d global_colors_info=\u201d{}\u201d][\/et_pb_column][\/et_pb_row][\/et_pb_section][et_pb_section fb_built=\u201c1\u201d custom_padding_last_edited=\u201coff|desktop\u201d admin_label=\u201cWillkommen\u201d _builder_version=\u201c4.27.4\u201d _module_preset=\u201cdefault\u201d background_color=\u201cRGBA(255,255,255,0)\u201d custom_margin=\u201c0px||0px||false|false\u201d custom_margin_last_edited=\u201coff|phone\u201d custom_padding=\u201c0px||0px||true|false\u201d custom_padding_tablet=\u201c0px||70px||false|false\u201d custom_padding_phone=\u201c20px||0px||false|false\u201d top_divider_color=\u201d#EFEFEF\u201d top_divider_height=\u201c169px\u201d bottom_divider_color=\u201d#CCCCCC\u201d global_colors_info=\u201d{}\u201d][et_pb_row use_custom_gutter=\u201con\u201d gutter_width=\u201c1\u201d make_equal=\u201con\u201d admin_label=\u201cFransenrand\u201d _builder_version=\u201c4.27.4\u201d _module_preset=\u201cdefault\u201d background_color=\u201crgba(255,255,255,0.8)\u201d background_enable_image=\u201coff\u201d background_size=\u201ccontain\u201d background_position=\u201cbottom_center\u201d background_enable_pattern_style=\u201con\u201d background_pattern_style=\u201cdiagonal-stripes\u201d background_pattern_size=\u201ccustom\u201d background_pattern_width=\u201c5px\u201d background_pattern_height=\u201c0px\u201d background_pattern_repeat_origin=\u201ccenter\u201d width=\u201c100%\u201d height=\u201c5px\u201d custom_margin=\u201c0px||0px||true|false\u201d custom_padding=\u201c0px||0px||false|false\u201d global_colors_info=\u201d{}\u201d][et_pb_column type=\u201c4_4\u201d _builder_version=\u201c4.27.4\u201d _module_preset=\u201cdefault\u201d custom_padding=\u201c40px||||false|false\u201d global_colors_info=\u201d{}\u201d][\/et_pb_column][\/et_pb_row][et_pb_row use_custom_gutter=\u201con\u201d gutter_width=\u201c1\u201d make_equal=\u201con\u201d admin_label=\u201cWintertraining\u201d _builder_version=\u201c4.27.4\u201d _module_preset=\u201cdefault\u201d background_color=\u201crgba(255,255,255,0.9)\u201d background_enable_image=\u201coff\u201d background_size=\u201ccontain\u201d background_position=\u201cbottom_center\u201d width=\u201c100%\u201d custom_margin=\u201c0px||0px||true|false\u201d custom_padding=\u201c0px||50px||false|false\u201d hover_enabled=\u201c0\u201d global_colors_info=\u201d{}\u201d sticky_enabled=\u201c0\u201d][et_pb_column type=\u201c4_4\u201d _builder_version=\u201c4.27.4\u201d _module_preset=\u201cdefault\u201d custom_padding=\u201c40px|20px||20px|false|true\u201d hover_enabled=\u201c0\u201d global_colors_info=\u201d{}\u201d sticky_enabled=\u201c0\u201d][et_pb_text _builder_version=\u201c4.27.4\u201d _module_preset=\u201cdefault\u201d header_text_align=\u201ccenter\u201d header_font_size=\u201c38px\u201d header_line_height=\u201c1.4em\u201d custom_margin=\u201d||30px||false|false\u201d header_font_size_tablet=\u201c38px\u201d header_font_size_phone=\u201c26px\u201d header_font_size_last_edited=\u201con|phone\u201d global_colors_info=\u201d{}\u201d]<\/p>\n<h1 class=\"uk-article-title uk-margin-top-remove\">Wintertraining<\/h1>\n<p>[\/et_pb_text][et_pb_text _builder_version=\u201c4.27.4\u201d _module_preset=\u201cdefault\u201d text_font_size=\u201c16px\u201d header_text_align=\u201ccenter\u201d header_font_size=\u201c38px\u201d header_3_font=\u201d|||on|||||\u201d header_3_text_color=\u201c#000000\u201d header_3_font_size=\u201c20px\u201d header_3_line_height=\u201c1.4em\u201d width=\u201c80%\u201d module_alignment=\u201ccenter\u201d custom_margin=\u201d|30px||30px|false|true\u201d custom_padding=\u201d|0px||0px|false|true\u201d custom_padding_tablet=\u201d|20px||20px|false|true\u201d custom_padding_phone=\u201d|10px||10px|false|true\u201d custom_padding_last_edited=\u201con|desktop\u201d global_colors_info=\u201d{}\u201d]<\/p>\n<p>Die Sommersaison neigt sich lang\u00adsam dem Ende. Auch in diesem Jahr freuen wir uns, Ihnen eine gute Alternative anbie\u00adten zu k\u00f6n\u00adnen, um \u00fcber den Winter nicht einzurosten.<\/p>\n<p>Das \u201eClubhouse\u201c in der Sigmundstra\u00dfe 147 in N\u00fcrnberg bie\u00adtet alles, um Ihren Schwung \u00fcber die kal\u00adte Jahreszeit zu ret\u00adten. Videoanalyse und Trackmananalyse, sowie spie\u00adlen an den zahl\u00adrei\u00adchen Simulatoren las\u00adsen jedes Golferherz h\u00f6her schla\u00adgen. Das im eng\u00adli\u00adschen Stil gehal\u00adte\u00adne Restaurant run\u00addet ein per\u00adfek\u00adtes Golf Indoor Erlebnis ab. Ab Mitte Oktober fin\u00adden Sie uns von Montag bis Mittwoch tags\u00ad\u00fcber in Gerhelm, nach\u00admit\u00adtags in N\u00fcrnberg sowie von Donnerstag bis Sonntag in Gerhelm (solan\u00adge wir nicht fest frieren).<\/p>\n<p>Wir freuen uns, Sie beim \u201e\u00dcberwintern\u201c zu beglei\u00adten. Rufen Sie uns an oder sen\u00adden Sie uns eine&nbsp;Mail.<\/p>\n<p>Ihre Frankengolfschule<br>Daniela Hunger<br><a href=\"mailto:info@frankengolfschule.de\"><span id=\"cloak0f68f0d5b237a2f5716626c22c986d3e\">info@frankengolfschule.de<\/span><br><\/a>0171 730 45&nbsp;98<\/p>\n<p>[\/et_pb_text][\/et_pb_column][\/et_pb_row][et_pb_row column_structure=\u201c1_2,1_2\u201d use_custom_gutter=\u201con\u201d make_equal=\u201con\u201d custom_padding_last_edited=\u201con|phone\u201d admin_label=\u201cBilder\u201d _builder_version=\u201c4.27.4\u201d _module_preset=\u201cdefault\u201d background_color=\u201crgba(255,255,255,0.9)\u201d background_enable_image=\u201coff\u201d background_size=\u201ccontain\u201d background_position=\u201cbottom_center\u201d width=\u201c100%\u201d custom_margin=\u201c0px||0px||true|false\u201d custom_padding=\u201c0px|140px|50px|140px|false|true\u201d custom_padding_tablet=\u201c0px|50px|50px|50px|false|true\u201d custom_padding_phone=\u201d|20px||20px|false|true\u201d global_colors_info=\u201d{}\u201d][et_pb_column type=\u201c1_2\u201d _builder_version=\u201c4.27.4\u201d _module_preset=\u201cdefault\u201d custom_padding=\u201c40px||||false|false\u201d global_colors_info=\u201d{}\u201d][et_pb_image src=\u201chttps:\/\/frankengolfschule.de\/de\/wp-content\/uploads\/2025\/03\/CLUBHOUSE_35451TA_web.jpg\u201d title_text=\u201cCLUBHOUSE_35451TA_web\u201d show_in_lightbox=\u201con\u201d _builder_version=\u201c4.27.4\u201d _module_preset=\u201cdefault\u201d global_colors_info=\u201d{}\u201d][\/et_pb_image][\/et_pb_column][et_pb_column type=\u201c1_2\u201d _builder_version=\u201c4.27.4\u201d _module_preset=\u201cdefault\u201d custom_padding=\u201c40px||||false|false\u201d global_colors_info=\u201d{}\u201d][et_pb_image src=\u201chttps:\/\/frankengolfschule.de\/de\/wp-content\/uploads\/2025\/03\/CLUBHOUSE_35557TA_web.jpg\u201d title_text=\u201cCLUBHOUSE_35557TA_web\u201d show_in_lightbox=\u201con\u201d _builder_version=\u201c4.27.4\u201d _module_preset=\u201cdefault\u201d global_colors_info=\u201d{}\u201d][\/et_pb_image][\/et_pb_column][\/et_pb_row][et_pb_row column_structure=\u201c1_2,1_2\u201d use_custom_gutter=\u201con\u201d make_equal=\u201con\u201d custom_padding_last_edited=\u201con|phone\u201d admin_label=\u201cBilder\u201d _builder_version=\u201c4.27.4\u201d _module_preset=\u201cdefault\u201d background_color=\u201crgba(255,255,255,0.9)\u201d background_enable_image=\u201coff\u201d background_size=\u201ccontain\u201d background_position=\u201cbottom_center\u201d width=\u201c100%\u201d custom_margin=\u201c0px||0px||true|false\u201d custom_padding=\u201c0px|140px|50px|140px|false|true\u201d custom_padding_tablet=\u201c0px|50px|50px|50px|false|true\u201d custom_padding_phone=\u201d|20px||20px|false|true\u201d global_colors_info=\u201d{}\u201d][et_pb_column type=\u201c1_2\u201d _builder_version=\u201c4.27.4\u201d _module_preset=\u201cdefault\u201d custom_padding=\u201c40px||||false|false\u201d global_colors_info=\u201d{}\u201d][et_pb_image src=\u201chttps:\/\/frankengolfschule.de\/de\/wp-content\/uploads\/2025\/03\/CLUBHOUSE_35597TA_web.jpg\u201d title_text=\u201cCLUBHOUSE_35597TA_web\u201d show_in_lightbox=\u201con\u201d _builder_version=\u201c4.27.4\u201d _module_preset=\u201cdefault\u201d global_colors_info=\u201d{}\u201d][\/et_pb_image][\/et_pb_column][et_pb_column type=\u201c1_2\u201d _builder_version=\u201c4.27.4\u201d _module_preset=\u201cdefault\u201d custom_padding=\u201c40px||||false|false\u201d global_colors_info=\u201d{}\u201d][et_pb_image src=\u201chttps:\/\/frankengolfschule.de\/de\/wp-content\/uploads\/2025\/03\/CLUBHOUSE_35609TA_web.jpg\u201d title_text=\u201cCLUBHOUSE_35609TA_web\u201d show_in_lightbox=\u201con\u201d _builder_version=\u201c4.27.4\u201d _module_preset=\u201cdefault\u201d global_colors_info=\u201d{}\u201d][\/et_pb_image][\/et_pb_column][\/et_pb_row][et_pb_row use_custom_gutter=\u201con\u201d gutter_width=\u201c1\u201d make_equal=\u201con\u201d admin_label=\u201cFransenrand\u201d _builder_version=\u201c4.27.4\u201d _module_preset=\u201cdefault\u201d background_color=\u201crgba(255,255,255,0.8)\u201d background_enable_image=\u201coff\u201d background_size=\u201ccontain\u201d background_position=\u201cbottom_center\u201d background_enable_pattern_style=\u201con\u201d background_pattern_style=\u201cdiagonal-stripes\u201d background_pattern_size=\u201ccustom\u201d background_pattern_width=\u201c5px\u201d background_pattern_height=\u201c0px\u201d background_pattern_repeat_origin=\u201ccenter\u201d width=\u201c100%\u201d height=\u201c5px\u201d custom_margin=\u201c0px||0px||true|false\u201d custom_padding=\u201c0px||0px||false|false\u201d global_colors_info=\u201d{}\u201d][et_pb_column type=\u201c4_4\u201d _builder_version=\u201c4.27.4\u201d _module_preset=\u201cdefault\u201d custom_padding=\u201c40px|30px|||false|false\u201d global_colors_info=\u201d{}\u201d][\/et_pb_column][\/et_pb_row][\/et_pb_section][et_pb_section fb_built=\u201c1\u201d disabled_on=\u201coff|off|off\u201d admin_label=\u201cLeer\u201d _builder_version=\u201c4.27.4\u201d _module_preset=\u201cdefault\u201d background_color=\u201cRGBA(255,255,255,0)\u201d height=\u201c50px\u201d height_phone=\u201c100px\u201d height_last_edited=\u201coff|phone\u201d custom_margin=\u201c0px||50px||false|false\u201d custom_padding=\u201c0px||50px||false|false\u201d top_divider_color=\u201d#EFEFEF\u201d top_divider_height=\u201c169px\u201d bottom_divider_color=\u201d#CCCCCC\u201d global_colors_info=\u201d{}\u201d][et_pb_row _builder_version=\u201c4.27.4\u201d _module_preset=\u201cdefault\u201d global_colors_info=\u201d{}\u201d][et_pb_column type=\u201c4_4\u201d _builder_version=\u201c4.27.4\u201d _module_preset=\u201cdefault\u201d global_colors_info=\u201d{}\u201d][et_pb_text _builder_version=\u201c4.27.4\u201d _module_preset=\u201cdefault\u201d global_colors_info=\u201d{}\u201d][\/et_pb_text][\/et_pb_column][\/et_pb_row][\/et_pb_section]<\/p>\n","protected":false},"excerpt":{"rendered":"<p>WintertrainingDie Sommersaison neigt sich lang\u00adsam dem Ende. Auch in diesem Jahr freuen wir uns, Ihnen eine gute Alternative anbie\u00adten zu k\u00f6n\u00adnen, um \u00fcber den Winter nicht ein\u00adzu\u00adros\u00adten. Das \u201eClubhouse\u201c in der Sigmundstra\u00dfe 147 in N\u00fcrnberg bie\u00adtet alles, um Ihren Schwung \u00fcber die kal\u00adte Jahreszeit zu ret\u00adten. Videoanalyse und Trackmananalyse, sowie spie\u00adlen an den zahl\u00adrei\u00adchen Simulatoren las\u00adsen jedes Golferherz h\u00f6her schla\u00adgen. Das im eng\u00adli\u00adschen Stil gehal\u00adte\u00adne Restaurant run\u00addet ein per\u00adfek\u00adtes Golf Indoor Erlebnis ab. Ab Mitte Oktober fin\u00adden Sie uns von Montag bis Mittwoch tags\u00ad\u00fcber in Gerhelm, nach\u00admit\u00adtags in N\u00fcrnberg sowie von Donnerstag bis Sonntag in Gerhelm (solan\u00adge wir nicht fest frie\u00adren). Wir freuen uns, Sie beim \u201e\u00dcberwintern\u201c zu beglei\u00adten. Rufen Sie uns an oder sen\u00adden Sie uns eine Mail. Ihre FrankengolfschuleDaniela Hungerinfo@frankengolfschule.de0171 730 45&nbsp;98<\/p>\n","protected":false},"author":2,"featured_media":0,"parent":0,"menu_order":0,"comment_status":"closed","ping_status":"closed","template":"","meta":{"_et_pb_use_builder":"on","_et_pb_old_content":"","_et_gb_content_width":"","wp_typography_post_enhancements_disabled":false,"footnotes":""},"class_list":["post-1550","page","type-page","status-publish","hentry"],"yoast_head":"<!-- This site is optimized with the Yoast SEO plugin v27.0 - https:\/\/yoast.com\/product\/yoast-seo-wordpress\/ -->\n<title>Wintertraining - Golfschule<\/title>\n<meta name=\"robots\" content=\"index, follow, max-snippet:-1, max-image-preview:large, max-video-preview:-1\" \/>\n<link rel=\"canonical\" href=\"https:\/\/frankengolfschule.de\/de\/wintertraining\/\" \/>\n<meta property=\"og:locale\" content=\"de_DE\" \/>\n<meta property=\"og:type\" content=\"article\" \/>\n<meta property=\"og:title\" content=\"Wintertraining - Golfschule\" \/>\n<meta property=\"og:description\" content=\"WintertrainingDie Sommersaison neigt sich langsam dem Ende. Auch in diesem Jahr freuen wir uns, Ihnen eine gute Alternative anbieten zu k\u00f6nnen, um \u00fcber den Winter nicht einzurosten. Das \u201eClubhouse\u201c in der Sigmundstra\u00dfe 147 in N\u00fcrnberg bietet alles, um Ihren Schwung \u00fcber die kalte Jahreszeit zu retten. Videoanalyse und Trackmananalyse, sowie spielen an den zahlreichen Simulatoren lassen jedes Golferherz h\u00f6her schlagen. Das im englischen Stil gehaltene Restaurant rundet ein perfektes Golf Indoor Erlebnis ab. Ab Mitte Oktober finden Sie uns von Montag bis Mittwoch tags\u00fcber in Gerhelm, nachmittags in N\u00fcrnberg sowie von Donnerstag bis Sonntag in Gerhelm (solange wir nicht fest frieren). Wir freuen uns, Sie beim \u201e\u00dcberwintern\u201c zu begleiten. Rufen Sie uns an oder senden Sie uns eine Mail. Ihre FrankengolfschuleDaniela Hungerinfo@frankengolfschule.de0171 730 45 98\" \/>\n<meta property=\"og:url\" content=\"https:\/\/frankengolfschule.de\/de\/wintertraining\/\" \/>\n<meta property=\"og:site_name\" content=\"Golfschule\" \/>\n<meta property=\"article:modified_time\" content=\"2025-03-17T08:25:11+00:00\" \/>\n<meta name=\"twitter:card\" content=\"summary_large_image\" \/>\n<meta name=\"twitter:label1\" content=\"Gesch\u00e4tzte Lesezeit\" \/>\n\t<meta name=\"twitter:data1\" content=\"1\u00a0Minute\" \/>\n<script type=\"application\/ld+json\" class=\"yoast-schema-graph\">{\"@context\":\"https:\/\/schema.org\",\"@graph\":[{\"@type\":\"WebPage\",\"@id\":\"https:\/\/frankengolfschule.de\/de\/wintertraining\/\",\"url\":\"https:\/\/frankengolfschule.de\/de\/wintertraining\/\",\"name\":\"Wintertraining - Golfschule\",\"isPartOf\":{\"@id\":\"https:\/\/frankengolfschule.de\/de\/#website\"},\"datePublished\":\"2025-03-14T13:09:44+00:00\",\"dateModified\":\"2025-03-17T08:25:11+00:00\",\"breadcrumb\":{\"@id\":\"https:\/\/frankengolfschule.de\/de\/wintertraining\/#breadcrumb\"},\"inLanguage\":\"de\",\"potentialAction\":[{\"@type\":\"ReadAction\",\"target\":[\"https:\/\/frankengolfschule.de\/de\/wintertraining\/\"]}]},{\"@type\":\"BreadcrumbList\",\"@id\":\"https:\/\/frankengolfschule.de\/de\/wintertraining\/#breadcrumb\",\"itemListElement\":[{\"@type\":\"ListItem\",\"position\":1,\"name\":\"Startseite\",\"item\":\"https:\/\/frankengolfschule.de\/de\/\"},{\"@type\":\"ListItem\",\"position\":2,\"name\":\"Wintertraining\"}]},{\"@type\":\"WebSite\",\"@id\":\"https:\/\/frankengolfschule.de\/de\/#website\",\"url\":\"https:\/\/frankengolfschule.de\/de\/\",\"name\":\"Frankengolfschule Daniela Hunger\",\"description\":\"\",\"publisher\":{\"@id\":\"https:\/\/frankengolfschule.de\/de\/#organization\"},\"potentialAction\":[{\"@type\":\"SearchAction\",\"target\":{\"@type\":\"EntryPoint\",\"urlTemplate\":\"https:\/\/frankengolfschule.de\/de\/?s={search_term_string}\"},\"query-input\":{\"@type\":\"PropertyValueSpecification\",\"valueRequired\":true,\"valueName\":\"search_term_string\"}}],\"inLanguage\":\"de\"},{\"@type\":\"Organization\",\"@id\":\"https:\/\/frankengolfschule.de\/de\/#organization\",\"name\":\"Frankengolfschule Daniela Hunger\",\"url\":\"https:\/\/frankengolfschule.de\/de\/\",\"logo\":{\"@type\":\"ImageObject\",\"inLanguage\":\"de\",\"@id\":\"https:\/\/frankengolfschule.de\/de\/#\/schema\/logo\/image\/\",\"url\":\"https:\/\/frankengolfschule.de\/de\/wp-content\/uploads\/2025\/03\/FGS_Logo_1.png\",\"contentUrl\":\"https:\/\/frankengolfschule.de\/de\/wp-content\/uploads\/2025\/03\/FGS_Logo_1.png\",\"width\":600,\"height\":76,\"caption\":\"Frankengolfschule Daniela Hunger\"},\"image\":{\"@id\":\"https:\/\/frankengolfschule.de\/de\/#\/schema\/logo\/image\/\"}}]}<\/script>\n<!-- \/ Yoast SEO plugin. -->","yoast_head_json":{"title":"Wintertraining - Golfschule","robots":{"index":"index","follow":"follow","max-snippet":"max-snippet:-1","max-image-preview":"max-image-preview:large","max-video-preview":"max-video-preview:-1"},"canonical":"https:\/\/frankengolfschule.de\/de\/wintertraining\/","og_locale":"de_DE","og_type":"article","og_title":"Wintertraining - Golfschule","og_description":"WintertrainingDie Sommersaison neigt sich langsam dem Ende. Auch in diesem Jahr freuen wir uns, Ihnen eine gute Alternative anbieten zu k\u00f6nnen, um \u00fcber den Winter nicht einzurosten. Das \u201eClubhouse\u201c in der Sigmundstra\u00dfe 147 in N\u00fcrnberg bietet alles, um Ihren Schwung \u00fcber die kalte Jahreszeit zu retten. Videoanalyse und Trackmananalyse, sowie spielen an den zahlreichen Simulatoren lassen jedes Golferherz h\u00f6her schlagen. Das im englischen Stil gehaltene Restaurant rundet ein perfektes Golf Indoor Erlebnis ab. Ab Mitte Oktober finden Sie uns von Montag bis Mittwoch tags\u00fcber in Gerhelm, nachmittags in N\u00fcrnberg sowie von Donnerstag bis Sonntag in Gerhelm (solange wir nicht fest frieren). Wir freuen uns, Sie beim \u201e\u00dcberwintern\u201c zu begleiten. Rufen Sie uns an oder senden Sie uns eine Mail. Ihre FrankengolfschuleDaniela Hungerinfo@frankengolfschule.de0171 730 45 98","og_url":"https:\/\/frankengolfschule.de\/de\/wintertraining\/","og_site_name":"Golfschule","article_modified_time":"2025-03-17T08:25:11+00:00","twitter_card":"summary_large_image","twitter_misc":{"Gesch\u00e4tzte Lesezeit":"1\u00a0Minute"},"schema":{"@context":"https:\/\/schema.org","@graph":[{"@type":"WebPage","@id":"https:\/\/frankengolfschule.de\/de\/wintertraining\/","url":"https:\/\/frankengolfschule.de\/de\/wintertraining\/","name":"Wintertraining - Golfschule","isPartOf":{"@id":"https:\/\/frankengolfschule.de\/de\/#website"},"datePublished":"2025-03-14T13:09:44+00:00","dateModified":"2025-03-17T08:25:11+00:00","breadcrumb":{"@id":"https:\/\/frankengolfschule.de\/de\/wintertraining\/#breadcrumb"},"inLanguage":"de","potentialAction":[{"@type":"ReadAction","target":["https:\/\/frankengolfschule.de\/de\/wintertraining\/"]}]},{"@type":"BreadcrumbList","@id":"https:\/\/frankengolfschule.de\/de\/wintertraining\/#breadcrumb","itemListElement":[{"@type":"ListItem","position":1,"name":"Startseite","item":"https:\/\/frankengolfschule.de\/de\/"},{"@type":"ListItem","position":2,"name":"Wintertraining"}]},{"@type":"WebSite","@id":"https:\/\/frankengolfschule.de\/de\/#website","url":"https:\/\/frankengolfschule.de\/de\/","name":"Frankengolfschule Daniela Hunger","description":"","publisher":{"@id":"https:\/\/frankengolfschule.de\/de\/#organization"},"potentialAction":[{"@type":"SearchAction","target":{"@type":"EntryPoint","urlTemplate":"https:\/\/frankengolfschule.de\/de\/?s={search_term_string}"},"query-input":{"@type":"PropertyValueSpecification","valueRequired":true,"valueName":"search_term_string"}}],"inLanguage":"de"},{"@type":"Organization","@id":"https:\/\/frankengolfschule.de\/de\/#organization","name":"Frankengolfschule Daniela Hunger","url":"https:\/\/frankengolfschule.de\/de\/","logo":{"@type":"ImageObject","inLanguage":"de","@id":"https:\/\/frankengolfschule.de\/de\/#\/schema\/logo\/image\/","url":"https:\/\/frankengolfschule.de\/de\/wp-content\/uploads\/2025\/03\/FGS_Logo_1.png","contentUrl":"https:\/\/frankengolfschule.de\/de\/wp-content\/uploads\/2025\/03\/FGS_Logo_1.png","width":600,"height":76,"caption":"Frankengolfschule Daniela Hunger"},"image":{"@id":"https:\/\/frankengolfschule.de\/de\/#\/schema\/logo\/image\/"}}]}},"_links":{"self":[{"href":"https:\/\/frankengolfschule.de\/de\/wp-json\/wp\/v2\/pages\/1550","targetHints":{"allow":["GET"]}}],"collection":[{"href":"https:\/\/frankengolfschule.de\/de\/wp-json\/wp\/v2\/pages"}],"about":[{"href":"https:\/\/frankengolfschule.de\/de\/wp-json\/wp\/v2\/types\/page"}],"author":[{"embeddable":true,"href":"https:\/\/frankengolfschule.de\/de\/wp-json\/wp\/v2\/users\/2"}],"replies":[{"embeddable":true,"href":"https:\/\/frankengolfschule.de\/de\/wp-json\/wp\/v2\/comments?post=1550"}],"version-history":[{"count":7,"href":"https:\/\/frankengolfschule.de\/de\/wp-json\/wp\/v2\/pages\/1550\/revisions"}],"predecessor-version":[{"id":1641,"href":"https:\/\/frankengolfschule.de\/de\/wp-json\/wp\/v2\/pages\/1550\/revisions\/1641"}],"wp:attachment":[{"href":"https:\/\/frankengolfschule.de\/de\/wp-json\/wp\/v2\/media?parent=1550"}],"curies":[{"name":"wp","href":"https:\/\/api.w.org\/{rel}","templated":true}]}}