{"id":1415,"date":"2025-03-13T13:16:11","date_gmt":"2025-03-13T12:16:11","guid":{"rendered":"https:\/\/frankengolfschule.de\/de\/?page_id=1415"},"modified":"2025-10-26T10:49:59","modified_gmt":"2025-10-26T09:49:59","slug":"privatunterricht","status":"publish","type":"page","link":"https:\/\/frankengolfschule.de\/de\/privatunterricht\/","title":{"rendered":"Privatunterricht"},"content":{"rendered":"<p>[et_pb_section fb_built=\u201c1\u201d _builder_version=\u201c4.27.4\u201d _module_preset=\u201cdefault\u201d custom_margin=\u201c30px||0px||false|false\u201d custom_padding=\u201c0px||0px||true|false\u201d global_colors_info=\u201d{}\u201d][et_pb_row use_custom_gutter=\u201con\u201d gutter_width=\u201c1\u201d make_equal=\u201con\u201d admin_label=\u201cFransenrand\u201d _builder_version=\u201c4.27.4\u201d _module_preset=\u201cdefault\u201d background_color=\u201crgba(255,255,255,0.8)\u201d background_enable_image=\u201coff\u201d background_size=\u201ccontain\u201d background_position=\u201cbottom_center\u201d background_enable_pattern_style=\u201con\u201d background_pattern_style=\u201cdiagonal-stripes\u201d background_pattern_size=\u201ccustom\u201d background_pattern_width=\u201c5px\u201d background_pattern_height=\u201c0px\u201d background_pattern_repeat_origin=\u201ccenter\u201d width=\u201c100%\u201d height=\u201c5px\u201d custom_margin=\u201c0px||0px||true|false\u201d custom_padding=\u201c0px||0px||false|false\u201d global_colors_info=\u201d{}\u201d][et_pb_column type=\u201c4_4\u201d _builder_version=\u201c4.27.4\u201d _module_preset=\u201cdefault\u201d custom_padding=\u201c40px|30px|||false|false\u201d global_colors_info=\u201d{}\u201d][\/et_pb_column][\/et_pb_row][\/et_pb_section][et_pb_section fb_built=\u201c1\u201d fullwidth=\u201con\u201d _builder_version=\u201c4.27.4\u201d _module_preset=\u201cdefault\u201d custom_margin=\u201c0px||0px||true|false\u201d custom_padding=\u201c0px||0px||true|false\u201d global_colors_info=\u201d{}\u201d][et_pb_fullwidth_image src=\u201chttps:\/\/frankengolfschule.de\/de\/wp-content\/uploads\/2025\/10\/privat2_web.jpg\u201d title_text=\u201cMan and woman play\u00ading golf on a beau\u00adtiful natu\u00adral golf cour\u00adse\u201d _builder_version=\u201c4.27.4\u201d _module_preset=\u201cdefault\u201d hover_enabled=\u201c0\u201d global_colors_info=\u201d{}\u201d sticky_enabled=\u201c0\u201d][\/et_pb_fullwidth_image][\/et_pb_section][et_pb_section fb_built=\u201c1\u201d custom_padding_last_edited=\u201coff|desktop\u201d admin_label=\u201cWillkommen\u201d _builder_version=\u201c4.27.4\u201d _module_preset=\u201cdefault\u201d background_color=\u201cRGBA(255,255,255,0)\u201d custom_margin=\u201c0px||0px||false|false\u201d custom_margin_last_edited=\u201coff|phone\u201d custom_padding=\u201c0px||0px||true|false\u201d custom_padding_tablet=\u201c0px||70px||false|false\u201d custom_padding_phone=\u201c20px||0px||false|false\u201d top_divider_color=\u201d#EFEFEF\u201d top_divider_height=\u201c169px\u201d bottom_divider_color=\u201d#CCCCCC\u201d global_colors_info=\u201d{}\u201d][et_pb_row use_custom_gutter=\u201con\u201d gutter_width=\u201c1\u201d make_equal=\u201con\u201d admin_label=\u201cFransenrand\u201d _builder_version=\u201c4.27.4\u201d _module_preset=\u201cdefault\u201d background_color=\u201crgba(255,255,255,0.8)\u201d background_enable_image=\u201coff\u201d background_size=\u201ccontain\u201d background_position=\u201cbottom_center\u201d background_enable_pattern_style=\u201con\u201d background_pattern_style=\u201cdiagonal-stripes\u201d background_pattern_size=\u201ccustom\u201d background_pattern_width=\u201c5px\u201d background_pattern_height=\u201c0px\u201d background_pattern_repeat_origin=\u201ccenter\u201d width=\u201c100%\u201d height=\u201c5px\u201d custom_margin=\u201c0px||0px||true|false\u201d custom_padding=\u201c0px||0px||false|false\u201d global_colors_info=\u201d{}\u201d][et_pb_column type=\u201c4_4\u201d _builder_version=\u201c4.27.4\u201d _module_preset=\u201cdefault\u201d custom_padding=\u201c40px||||false|false\u201d global_colors_info=\u201d{}\u201d][\/et_pb_column][\/et_pb_row][et_pb_row use_custom_gutter=\u201con\u201d gutter_width=\u201c1\u201d make_equal=\u201con\u201d custom_padding_last_edited=\u201con|tablet\u201d admin_label=\u201cPrivatunterricht\u201d _builder_version=\u201c4.27.4\u201d _module_preset=\u201cdefault\u201d background_color=\u201crgba(255,255,255,0.9)\u201d background_enable_image=\u201coff\u201d background_size=\u201ccontain\u201d background_position=\u201cbottom_center\u201d width=\u201c100%\u201d custom_margin=\u201c0px||0px||true|false\u201d custom_padding=\u201c0px|10%|50px|10%|false|true\u201d custom_padding_tablet=\u201d|0%||0%|true|true\u201d custom_padding_phone=\u201d|0%||0%|true|true\u201d global_colors_info=\u201d{}\u201d][et_pb_column type=\u201c4_4\u201d _builder_version=\u201c4.27.4\u201d _module_preset=\u201cdefault\u201d custom_padding=\u201c40px|20px||20px|false|true\u201d global_colors_info=\u201d{}\u201d][et_pb_text _builder_version=\u201c4.27.4\u201d _module_preset=\u201cdefault\u201d header_text_align=\u201ccenter\u201d header_font_size=\u201c38px\u201d header_line_height=\u201c1.4em\u201d custom_margin=\u201d||30px||false|false\u201d header_font_size_tablet=\u201c38px\u201d header_font_size_phone=\u201c26px\u201d header_font_size_last_edited=\u201con|phone\u201d global_colors_info=\u201d{}\u201d]<\/p>\n<h1 class=\"uk-article-title uk-margin-top-remove\">Privatunterricht<\/h1>\n<p>[\/et_pb_text][dvmd_table_maker tbl_row_header_count=\u201c0\u201d tbl_responsive_break_by=\u201crow\u201d tbl_responsive_block_margin=\u201c20px\u201d tbl_stripes_active=\u201con\u201d tbl_tcell_cell_color=\u201d#EFEFEF\u201d tbl_chead_cell_align_horz=\u201ccenter\u201d _builder_version=\u201c4.27.4\u201d _module_preset=\u201cdefault\u201d tbl_chead_text_font=\u201d|||on|||||\u201d tbl_chead_text_text_color=\u201d#FFFFFF\u201d tbl_chead_text_font_size=\u201c16px\u201d width=\u201c100%\u201d module_alignment=\u201ccenter\u201d tbl_chead_text_font_size_phone=\u201c13px\u201d tbl_chead_text_font_size_last_edited=\u201coff|phone\u201d global_colors_info=\u201d{}\u201d][dvmd_table_maker_item col_label=\u201cBeschreibung\/Dauer\u201d col_content=\u201cBeschreibung \/&nbsp;Dauer<br>\nPrivatunterricht (30 Minuten)<br>\nPrivatunterricht (45 Minuten)<br>\nPrivatunterricht (45 Minuten)<br>\nPrivatstundenpaket (5x 45 Minuten)<br>\nPrivatstundenpaket (5x 45 Minuten)<br>\nPrivatstundenpaket (10+1 x 45 Minuten)<br>\nPrivatstundenpaket (10+1 x 45 Minuten)<br>\n9\u2011Loch-Golfunterricht (3x 45 Minuten)<br>\n9\u2011Loch-Golfunterricht (3x 45 Minuten)<br>\nPr\u00fcfungsgeb\u00fchr (ein\u00adma\u00adlig)<br>\nPr\u00fcfungsgeb\u00fchr (ein\u00adma\u00adlig) bis 12 Jahre\u201d col_tcell_cell_align_vert=\u201ccenter\u201d _builder_version=\u201c4.27.4\u201d _module_preset=\u201cdefault\u201d global_colors_info=\u201d{}\u201d][\/dvmd_table_maker_item][dvmd_table_maker_item col_label=\u201cAnzahl\/Personen\u201d col_content=\u201cAnzahl \/ Personen<br>\nf\u00fcr eine Person<br>\nbei zwei Personen\/ Person<br>\nf\u00fcr eine Person<br>\nbei zwei Personen\/ Person<br>\nf\u00fcr eine Person<br>\nbei zwei Personen\/ Person<br>\nf\u00fcr eine Person<br>\nbei zwei Personen\/ Person<br>\nf\u00fcr eine Person<br>\nf\u00fcr eine Person<br>\nf\u00fcr eine Person\u201d col_tcell_cell_align_vert=\u201ccenter\u201d _builder_version=\u201c4.27.4\u201d _module_preset=\u201cdefault\u201d global_colors_info=\u201d{}\u201d][\/dvmd_table_maker_item][dvmd_table_maker_item col_label=\u201cPreis\u201d col_content=\u201cPreis<br>\n\u20ac 45,00<br>\n\u20ac 37,50<br>\n\u20ac 65,00<br>\n\u20ac 180,00<br>\n\u20ac 310,00<br>\n\u20ac 375,00<br>\n\u20ac 650,00<br>\n\u20ac 115,00<br>\n\u20ac 185,00<br>\n\u20ac 99,00<br>\n\u20ac 69,00\u2033 col_column_max_width=\u201c0.3fr\u201d col_tcell_cell_align_horz=\u201cright\u201d col_tcell_cell_align_vert=\u201ccenter\u201d _builder_version=\u201c4.27.4\u201d _module_preset=\u201cdefault\u201d global_colors_info=\u201d{}\u201d][\/dvmd_table_maker_item][\/dvmd_table_maker][\/et_pb_column][\/et_pb_row][et_pb_row use_custom_gutter=\u201con\u201d gutter_width=\u201c1\u201d make_equal=\u201con\u201d admin_label=\u201cFransenrand\u201d _builder_version=\u201c4.27.4\u201d _module_preset=\u201cdefault\u201d background_color=\u201crgba(255,255,255,0.8)\u201d background_enable_image=\u201coff\u201d background_size=\u201ccontain\u201d background_position=\u201cbottom_center\u201d background_enable_pattern_style=\u201con\u201d background_pattern_style=\u201cdiagonal-stripes\u201d background_pattern_size=\u201ccustom\u201d background_pattern_width=\u201c5px\u201d background_pattern_height=\u201c0px\u201d background_pattern_repeat_origin=\u201ccenter\u201d width=\u201c100%\u201d height=\u201c5px\u201d custom_margin=\u201c0px||0px||true|false\u201d custom_padding=\u201c0px||0px||false|false\u201d global_colors_info=\u201d{}\u201d][et_pb_column type=\u201c4_4\u201d _builder_version=\u201c4.27.4\u201d _module_preset=\u201cdefault\u201d custom_padding=\u201c40px|30px|||false|false\u201d global_colors_info=\u201d{}\u201d][\/et_pb_column][\/et_pb_row][\/et_pb_section][et_pb_section fb_built=\u201c1\u201d disabled_on=\u201coff|off|off\u201d admin_label=\u201cLeer\u201d _builder_version=\u201c4.27.4\u201d _module_preset=\u201cdefault\u201d background_color=\u201cRGBA(255,255,255,0)\u201d height=\u201c50px\u201d height_phone=\u201c100px\u201d height_last_edited=\u201coff|phone\u201d custom_margin=\u201c0px||50px||false|false\u201d custom_padding=\u201c0px||50px||false|false\u201d top_divider_color=\u201d#EFEFEF\u201d top_divider_height=\u201c169px\u201d bottom_divider_color=\u201d#CCCCCC\u201d global_colors_info=\u201d{}\u201d][et_pb_row _builder_version=\u201c4.27.4\u201d _module_preset=\u201cdefault\u201d global_colors_info=\u201d{}\u201d][et_pb_column type=\u201c4_4\u201d _builder_version=\u201c4.27.4\u201d _module_preset=\u201cdefault\u201d global_colors_info=\u201d{}\u201d][et_pb_text _builder_version=\u201c4.27.4\u201d _module_preset=\u201cdefault\u201d global_colors_info=\u201d{}\u201d][\/et_pb_text][\/et_pb_column][\/et_pb_row][\/et_pb_section]<\/p>\n","protected":false},"excerpt":{"rendered":"<p>Privatunterricht<\/p><div class=\"et_pb_module dvmd_table_maker dvmd_table_maker_0 dvmd_tm_version_3_1_2\">\n\t\t\t\t\n\t\t\t\t\n\t\t\t\t\n\t\t\t\t\n\t\t\t\t\n\t\t\t\t\n\t\t\t\t<div class=\"et_pb_module_inner\">\n\t\t\t\t\t<div role=\"table\" class=\"dvmd_tm_table dvmd_preload dvmd_tm_max_width_980 dvmd_tm_breakby_row dvmd_tm_blocks\" aria-rowcount=\"1\" aria-colcount=\"3\">\n                        <div class=\"dvmd_tm_tblock dvmd_tm_tblock_0 dvmd_tm_rblock\" role=\"rowgroup\">\n                        <div class=\"dvmd_tm_trow dvmd_tm_trow_0\" role=\"row\" aria-rowindex=\"1\"><div aria-colindex=\"1\" aria-rowindex=\"1\" role=\"cell\" class=\"dvmd_table_maker_item_0 dvmd_tm_tcell dvmd_tm_tdata dvmd_tm_col_0 dvmd_tm_row_0 dvmd_tm_col_first dvmd_tm_row_first dvmd_tm_col_odd dvmd_tm_row_odd \"><div class=\"dvmd_tm_cdata\">Beschreibung \/ Dauer Privatunterricht (30 Minuten) Privatunterricht (45 Minuten) Privatunterricht (45 Minuten) Privatstundenpaket (5x 45 Minuten) Privatstundenpaket (5x 45 Minuten) Privatstundenpaket (10+1 x 45 Minuten) Privatstundenpaket (10+1 x 45 Minuten) 9\u2011Loch-Golfunterricht (3x 45 Minuten) 9\u2011Loch-Golfunterricht (3x 45 Minuten) Pr\u00fcfungsgeb\u00fchr (ein\u00adma\u00adlig) Pr\u00fcfungsgeb\u00fchr (ein\u00adma\u00adlig) bis 12&nbsp;Jahre<\/div><\/div>\n<div aria-colindex=\"2\" aria-rowindex=\"1\" role=\"cell\" class=\"dvmd_table_maker_item_1 dvmd_tm_tcell dvmd_tm_tdata dvmd_tm_col_1 dvmd_tm_row_0 dvmd_tm_row_first dvmd_tm_col_even dvmd_tm_row_odd \"><div class=\"dvmd_tm_cdata\">Anzahl \/ Personen f\u00fcr eine Person bei zwei Personen\/ Person f\u00fcr eine Person bei zwei Personen\/ Person f\u00fcr eine Person bei zwei Personen\/ Person f\u00fcr eine Person bei zwei Personen\/ Person f\u00fcr eine Person f\u00fcr eine Person f\u00fcr eine Person<\/div><\/div>\n<div aria-colindex=\"3\" aria-rowindex=\"1\" role=\"cell\" class=\"dvmd_table_maker_item_2 dvmd_tm_tcell dvmd_tm_tdata dvmd_tm_col_2 dvmd_tm_row_0 dvmd_tm_col_last dvmd_tm_row_first dvmd_tm_col_odd dvmd_tm_row_odd \"><div class=\"dvmd_tm_cdata\">Preis \u20ac 45,00 \u20ac 37,50 \u20ac 65,00 \u20ac 180,00 \u20ac 310,00 \u20ac 375,00 \u20ac 650,00 \u20ac 115,00 \u20ac 185,00 \u20ac 99,00 \u20ac 69,00<\/div><\/div>\n<\/div>\n                    <\/div>\n                <\/div>\n\t\t\t\t<\/div>\n\t\t\t<\/div>\n","protected":false},"author":2,"featured_media":0,"parent":0,"menu_order":0,"comment_status":"closed","ping_status":"closed","template":"","meta":{"_et_pb_use_builder":"on","_et_pb_old_content":"","_et_gb_content_width":"","wp_typography_post_enhancements_disabled":false,"footnotes":""},"class_list":["post-1415","page","type-page","status-publish","hentry"],"yoast_head":"<!-- This site is optimized with the Yoast SEO plugin v27.0 - https:\/\/yoast.com\/product\/yoast-seo-wordpress\/ -->\n<title>Privatunterricht - Golfschule<\/title>\n<meta name=\"robots\" content=\"index, follow, max-snippet:-1, max-image-preview:large, max-video-preview:-1\" \/>\n<link rel=\"canonical\" href=\"https:\/\/frankengolfschule.de\/de\/privatunterricht\/\" \/>\n<meta property=\"og:locale\" content=\"de_DE\" \/>\n<meta property=\"og:type\" content=\"article\" \/>\n<meta property=\"og:title\" content=\"Privatunterricht - Golfschule\" \/>\n<meta property=\"og:description\" content=\"Privatunterricht\" \/>\n<meta property=\"og:url\" content=\"https:\/\/frankengolfschule.de\/de\/privatunterricht\/\" \/>\n<meta property=\"og:site_name\" content=\"Golfschule\" \/>\n<meta property=\"article:modified_time\" content=\"2025-10-26T09:49:59+00:00\" \/>\n<meta name=\"twitter:card\" content=\"summary_large_image\" \/>\n<meta name=\"twitter:label1\" content=\"Gesch\u00e4tzte Lesezeit\" \/>\n\t<meta name=\"twitter:data1\" content=\"2\u00a0Minuten\" \/>\n<script type=\"application\/ld+json\" class=\"yoast-schema-graph\">{\"@context\":\"https:\/\/schema.org\",\"@graph\":[{\"@type\":\"WebPage\",\"@id\":\"https:\/\/frankengolfschule.de\/de\/privatunterricht\/\",\"url\":\"https:\/\/frankengolfschule.de\/de\/privatunterricht\/\",\"name\":\"Privatunterricht - Golfschule\",\"isPartOf\":{\"@id\":\"https:\/\/frankengolfschule.de\/de\/#website\"},\"datePublished\":\"2025-03-13T12:16:11+00:00\",\"dateModified\":\"2025-10-26T09:49:59+00:00\",\"breadcrumb\":{\"@id\":\"https:\/\/frankengolfschule.de\/de\/privatunterricht\/#breadcrumb\"},\"inLanguage\":\"de\",\"potentialAction\":[{\"@type\":\"ReadAction\",\"target\":[\"https:\/\/frankengolfschule.de\/de\/privatunterricht\/\"]}]},{\"@type\":\"BreadcrumbList\",\"@id\":\"https:\/\/frankengolfschule.de\/de\/privatunterricht\/#breadcrumb\",\"itemListElement\":[{\"@type\":\"ListItem\",\"position\":1,\"name\":\"Startseite\",\"item\":\"https:\/\/frankengolfschule.de\/de\/\"},{\"@type\":\"ListItem\",\"position\":2,\"name\":\"Privatunterricht\"}]},{\"@type\":\"WebSite\",\"@id\":\"https:\/\/frankengolfschule.de\/de\/#website\",\"url\":\"https:\/\/frankengolfschule.de\/de\/\",\"name\":\"Frankengolfschule Daniela Hunger\",\"description\":\"\",\"publisher\":{\"@id\":\"https:\/\/frankengolfschule.de\/de\/#organization\"},\"potentialAction\":[{\"@type\":\"SearchAction\",\"target\":{\"@type\":\"EntryPoint\",\"urlTemplate\":\"https:\/\/frankengolfschule.de\/de\/?s={search_term_string}\"},\"query-input\":{\"@type\":\"PropertyValueSpecification\",\"valueRequired\":true,\"valueName\":\"search_term_string\"}}],\"inLanguage\":\"de\"},{\"@type\":\"Organization\",\"@id\":\"https:\/\/frankengolfschule.de\/de\/#organization\",\"name\":\"Frankengolfschule Daniela Hunger\",\"url\":\"https:\/\/frankengolfschule.de\/de\/\",\"logo\":{\"@type\":\"ImageObject\",\"inLanguage\":\"de\",\"@id\":\"https:\/\/frankengolfschule.de\/de\/#\/schema\/logo\/image\/\",\"url\":\"https:\/\/frankengolfschule.de\/de\/wp-content\/uploads\/2025\/03\/FGS_Logo_1.png\",\"contentUrl\":\"https:\/\/frankengolfschule.de\/de\/wp-content\/uploads\/2025\/03\/FGS_Logo_1.png\",\"width\":600,\"height\":76,\"caption\":\"Frankengolfschule Daniela Hunger\"},\"image\":{\"@id\":\"https:\/\/frankengolfschule.de\/de\/#\/schema\/logo\/image\/\"}}]}<\/script>\n<!-- \/ Yoast SEO plugin. -->","yoast_head_json":{"title":"Privatunterricht - Golfschule","robots":{"index":"index","follow":"follow","max-snippet":"max-snippet:-1","max-image-preview":"max-image-preview:large","max-video-preview":"max-video-preview:-1"},"canonical":"https:\/\/frankengolfschule.de\/de\/privatunterricht\/","og_locale":"de_DE","og_type":"article","og_title":"Privatunterricht - Golfschule","og_description":"Privatunterricht","og_url":"https:\/\/frankengolfschule.de\/de\/privatunterricht\/","og_site_name":"Golfschule","article_modified_time":"2025-10-26T09:49:59+00:00","twitter_card":"summary_large_image","twitter_misc":{"Gesch\u00e4tzte Lesezeit":"2\u00a0Minuten"},"schema":{"@context":"https:\/\/schema.org","@graph":[{"@type":"WebPage","@id":"https:\/\/frankengolfschule.de\/de\/privatunterricht\/","url":"https:\/\/frankengolfschule.de\/de\/privatunterricht\/","name":"Privatunterricht - Golfschule","isPartOf":{"@id":"https:\/\/frankengolfschule.de\/de\/#website"},"datePublished":"2025-03-13T12:16:11+00:00","dateModified":"2025-10-26T09:49:59+00:00","breadcrumb":{"@id":"https:\/\/frankengolfschule.de\/de\/privatunterricht\/#breadcrumb"},"inLanguage":"de","potentialAction":[{"@type":"ReadAction","target":["https:\/\/frankengolfschule.de\/de\/privatunterricht\/"]}]},{"@type":"BreadcrumbList","@id":"https:\/\/frankengolfschule.de\/de\/privatunterricht\/#breadcrumb","itemListElement":[{"@type":"ListItem","position":1,"name":"Startseite","item":"https:\/\/frankengolfschule.de\/de\/"},{"@type":"ListItem","position":2,"name":"Privatunterricht"}]},{"@type":"WebSite","@id":"https:\/\/frankengolfschule.de\/de\/#website","url":"https:\/\/frankengolfschule.de\/de\/","name":"Frankengolfschule Daniela Hunger","description":"","publisher":{"@id":"https:\/\/frankengolfschule.de\/de\/#organization"},"potentialAction":[{"@type":"SearchAction","target":{"@type":"EntryPoint","urlTemplate":"https:\/\/frankengolfschule.de\/de\/?s={search_term_string}"},"query-input":{"@type":"PropertyValueSpecification","valueRequired":true,"valueName":"search_term_string"}}],"inLanguage":"de"},{"@type":"Organization","@id":"https:\/\/frankengolfschule.de\/de\/#organization","name":"Frankengolfschule Daniela Hunger","url":"https:\/\/frankengolfschule.de\/de\/","logo":{"@type":"ImageObject","inLanguage":"de","@id":"https:\/\/frankengolfschule.de\/de\/#\/schema\/logo\/image\/","url":"https:\/\/frankengolfschule.de\/de\/wp-content\/uploads\/2025\/03\/FGS_Logo_1.png","contentUrl":"https:\/\/frankengolfschule.de\/de\/wp-content\/uploads\/2025\/03\/FGS_Logo_1.png","width":600,"height":76,"caption":"Frankengolfschule Daniela Hunger"},"image":{"@id":"https:\/\/frankengolfschule.de\/de\/#\/schema\/logo\/image\/"}}]}},"_links":{"self":[{"href":"https:\/\/frankengolfschule.de\/de\/wp-json\/wp\/v2\/pages\/1415","targetHints":{"allow":["GET"]}}],"collection":[{"href":"https:\/\/frankengolfschule.de\/de\/wp-json\/wp\/v2\/pages"}],"about":[{"href":"https:\/\/frankengolfschule.de\/de\/wp-json\/wp\/v2\/types\/page"}],"author":[{"embeddable":true,"href":"https:\/\/frankengolfschule.de\/de\/wp-json\/wp\/v2\/users\/2"}],"replies":[{"embeddable":true,"href":"https:\/\/frankengolfschule.de\/de\/wp-json\/wp\/v2\/comments?post=1415"}],"version-history":[{"count":8,"href":"https:\/\/frankengolfschule.de\/de\/wp-json\/wp\/v2\/pages\/1415\/revisions"}],"predecessor-version":[{"id":1802,"href":"https:\/\/frankengolfschule.de\/de\/wp-json\/wp\/v2\/pages\/1415\/revisions\/1802"}],"wp:attachment":[{"href":"https:\/\/frankengolfschule.de\/de\/wp-json\/wp\/v2\/media?parent=1415"}],"curies":[{"name":"wp","href":"https:\/\/api.w.org\/{rel}","templated":true}]}}