{"id":1320,"date":"2025-03-12T15:07:58","date_gmt":"2025-03-12T14:07:58","guid":{"rendered":"https:\/\/frankengolfschule.de\/de\/?page_id=1320"},"modified":"2025-10-26T11:19:43","modified_gmt":"2025-10-26T10:19:43","slug":"impressum","status":"publish","type":"page","link":"https:\/\/frankengolfschule.de\/de\/golfschule\/impressum\/","title":{"rendered":"Impressum"},"content":{"rendered":"<p>[et_pb_section fb_built=\u201c1\u201d custom_padding_last_edited=\u201con|phone\u201d admin_label=\u201cWillkommen\u201d _builder_version=\u201c4.27.4\u201d _module_preset=\u201cdefault\u201d background_color=\u201cRGBA(255,255,255,0)\u201d custom_margin=\u201c30px||||false|false\u201d custom_margin_last_edited=\u201coff|phone\u201d custom_padding=\u201c0px||70px||false|false\u201d custom_padding_tablet=\u201c0px||70px||false|false\u201d custom_padding_phone=\u201c20px||0px||false|false\u201d top_divider_color=\u201d#EFEFEF\u201d top_divider_height=\u201c169px\u201d bottom_divider_color=\u201d#CCCCCC\u201d global_colors_info=\u201d{}\u201d][et_pb_row use_custom_gutter=\u201con\u201d gutter_width=\u201c1\u201d make_equal=\u201con\u201d admin_label=\u201cFransenrand\u201d _builder_version=\u201c4.27.4\u201d _module_preset=\u201cdefault\u201d background_color=\u201crgba(255,255,255,0.8)\u201d background_enable_image=\u201coff\u201d background_size=\u201ccontain\u201d background_position=\u201cbottom_center\u201d background_enable_pattern_style=\u201con\u201d background_pattern_style=\u201cdiagonal-stripes\u201d background_pattern_size=\u201ccustom\u201d background_pattern_width=\u201c5px\u201d background_pattern_height=\u201c0px\u201d background_pattern_repeat_origin=\u201ccenter\u201d width=\u201c100%\u201d height=\u201c5px\u201d custom_margin=\u201c0px||0px||true|false\u201d custom_padding=\u201c0px||0px||false|false\u201d global_colors_info=\u201d{}\u201d][et_pb_column type=\u201c4_4\u201d _builder_version=\u201c4.27.4\u201d _module_preset=\u201cdefault\u201d custom_padding=\u201c40px|30px|||false|false\u201d global_colors_info=\u201d{}\u201d][\/et_pb_column][\/et_pb_row][et_pb_row use_custom_gutter=\u201con\u201d gutter_width=\u201c1\u201d make_equal=\u201con\u201d _builder_version=\u201c4.27.4\u201d _module_preset=\u201cdefault\u201d background_color=\u201crgba(255,255,255,0.9)\u201d background_enable_image=\u201coff\u201d background_size=\u201ccontain\u201d background_position=\u201cbottom_center\u201d width=\u201c100%\u201d custom_margin=\u201c0px||0px||true|false\u201d custom_padding=\u201c0px||50px||false|false\u201d global_colors_info=\u201d{}\u201d][et_pb_column type=\u201c4_4\u201d _builder_version=\u201c4.27.4\u201d _module_preset=\u201cdefault\u201d custom_padding=\u201c40px|20px||20px|false|true\u201d global_colors_info=\u201d{}\u201d][et_pb_text _builder_version=\u201c4.27.4\u201d _module_preset=\u201cdefault\u201d header_text_align=\u201ccenter\u201d header_font_size=\u201c38px\u201d header_line_height=\u201c1.4em\u201d custom_margin=\u201d||30px||false|false\u201d header_font_size_tablet=\u201c38px\u201d header_font_size_phone=\u201c26px\u201d header_font_size_last_edited=\u201con|phone\u201d global_colors_info=\u201d{}\u201d]<\/p>\n<h1 class=\"uk-article-title uk-margin-top-remove\">Impressum<\/h1>\n<p>[\/et_pb_text][et_pb_text _builder_version=\u201c4.27.4\u201d _module_preset=\u201cdefault\u201d text_font_size=\u201c16px\u201d header_text_align=\u201ccenter\u201d header_font_size=\u201c38px\u201d header_3_font=\u201d|||on|||||\u201d header_3_text_color=\u201c#000000\u201d header_3_font_size=\u201c20px\u201d header_3_line_height=\u201c1.4em\u201d custom_margin=\u201d|50px||50px|false|true\u201d hover_enabled=\u201c0\u201d global_colors_info=\u201d{}\u201d sticky_enabled=\u201c0\u201d]<\/p>\n<p><b>Angaben gem\u00e4\u00df \u00a7 5&nbsp;TMG:<\/b><\/p>\n<p>Daniela Hunger<br>Frankengolfschule<br>Gerhelm 1<br>91235 Velden<\/p>\n<p><b>Kontakt:<\/b><\/p>\n<p>Telefon: 01717304598<br>E\u2011Mail: info(at)frankengolfschule.de<\/p>\n<p><b>Umsatzsteuer-ID:<\/b><br>Umsatzsteuer-Identifikationsnummer gem\u00e4\u00df \u00a727 a Umsatzsteuergesetz:<br>DE56071293286<\/p>\n<p><b>Registernummer: HRA 17524, HR N\u00fcrnberg<\/b><\/p>\n<p><b>Angaben zur Berufshaftpflichtversicherung:<\/b><br>Name und Sitz des Versicherers:<br>GENERALI Versicherung<\/p>\n<p>Quelle:<span>&nbsp;<\/span><em><a href=\"https:\/\/www.e-recht24.de\/impressum-generator.html\">https:\/\/www.e\u2011recht24.de<\/a><\/em><\/p>\n<p><b>Haftungsausschluss (Disclaimer)<\/b><br>Haftung f\u00fcr Inhalte<\/p>\n<p>Als Diensteanbieter sind wir gem\u00e4\u00df \u00a7 7 Abs.1 TMG f\u00fcr eige\u00adne Inhalte auf die\u00adsen Seiten nach den all\u00adge\u00admei\u00adnen Gesetzen ver\u00adant\u00adwort\u00adlich. Nach \u00a7\u00a7 8 bis 10 TMG sind wir als Diensteanbieter jedoch nicht ver\u00adpflich\u00adtet, \u00fcber\u00admit\u00adtel\u00adte oder gespei\u00adcher\u00adte frem\u00adde Informationen zu \u00fcber\u00adwa\u00adchen oder nach Umst\u00e4nden zu for\u00adschen, die auf eine rechts\u00adwid\u00adri\u00adge T\u00e4tigkeit hinweisen.<\/p>\n<p>Verpflichtungen zur Entfernung oder Sperrung der Nutzung von Informationen nach den all\u00adge\u00admei\u00adnen Gesetzen blei\u00adben hier\u00advon unbe\u00adr\u00fchrt. Eine dies\u00adbe\u00adz\u00fcg\u00adli\u00adche Haftung ist jedoch erst ab dem Zeitpunkt der Kenntnis einer kon\u00adkre\u00adten Rechtsverletzung m\u00f6g\u00adlich. Bei Bekanntwerden von ent\u00adspre\u00adchen\u00adden Rechtsverletzungen wer\u00adden wir die\u00adse Inhalte umge\u00adhend entfernen.<\/p>\n<p><b>Haftung f\u00fcr&nbsp;Links<\/b><\/p>\n<p>Unser Angebot ent\u00adh\u00e4lt Links zu exter\u00adnen Webseiten Dritter, auf deren Inhalte wir kei\u00adnen Einfluss haben. Deshalb k\u00f6n\u00adnen wir f\u00fcr die\u00adse frem\u00adden Inhalte auch kei\u00adne Gew\u00e4hr \u00fcber\u00adneh\u00admen. F\u00fcr die Inhalte der ver\u00adlink\u00adten Seiten ist stets der jewei\u00adli\u00adge Anbieter oder Betreiber der Seiten ver\u00adant\u00adwort\u00adlich. Die ver\u00adlink\u00adten Seiten wur\u00adden zum Zeitpunkt der Verlinkung auf m\u00f6g\u00adli\u00adche Rechtsverst\u00f6\u00dfe \u00fcber\u00adpr\u00fcft. Rechtswidrige Inhalte waren zum Zeitpunkt der Verlinkung nicht erkennbar.<\/p>\n<p>Eine per\u00adma\u00adnen\u00adte inhalt\u00adli\u00adche Kontrolle der ver\u00adlink\u00adten Seiten ist jedoch ohne kon\u00adkre\u00adte Anhaltspunkte einer Rechtsverletzung nicht zumut\u00adbar. Bei Bekanntwerden von Rechtsverletzungen wer\u00adden wir der\u00adar\u00adti\u00adge Links umge\u00adhend entfernen.<\/p>\n<p><b>Urheberrecht<\/b><\/p>\n<p>Die durch die Seitenbetreiber erstell\u00adten Inhalte und Werke auf die\u00adsen Seiten unter\u00adlie\u00adgen dem deut\u00adschen Urheberrecht. Die Vervielf\u00e4ltigung, Bearbeitung, Verbreitung und jede Art der Verwertung au\u00dfer\u00adhalb der Grenzen des Urheberrechtes bed\u00fcr\u00adfen der schrift\u00adli\u00adchen Zustimmung des jewei\u00adli\u00adgen Autors bzw. Erstellers. Downloads und Kopien die\u00adser Seite sind nur f\u00fcr den pri\u00adva\u00adten, nicht kom\u00admer\u00adzi\u00adel\u00adlen Gebrauch gestattet.<\/p>\n<p>Soweit die Inhalte auf die\u00adser Seite nicht vom Betreiber erstellt wur\u00adden, wer\u00adden die Urheberrechte Dritter beach\u00adtet. Insbesondere wer\u00adden Inhalte Dritter als sol\u00adche gekenn\u00adzeich\u00adnet. Sollten Sie trotz\u00addem auf eine Urheberrechtsverletzung auf\u00admerk\u00adsam wer\u00adden, bit\u00adten wir um einen ent\u00adspre\u00adchen\u00adden Hinweis. Bei Bekanntwerden von Rechtsverletzungen wer\u00adden wir der\u00adar\u00adti\u00adge Inhalte umge\u00adhend entfernen.<\/p>\n<p><b>Bildnachweise:<\/b><br>Startseite: ARochau \u2014 stock.adobe.com<br>Schnupperkurse: Ross Helen \u2014 shutterstock.com<br>Zielhandicapkurse wochen\u00adtags: wave\u00adbreak\u00adme\u00addia \u2014 shutterstock.com<br>Zielhandicapkurse Wochenende: wave\u00adbreak\u00adme\u00addia \u2014 shutterstock.com<br>Firmenevents: Ross Helen \u2014 shutterstock.com<br>Platzreife Kompakt: ESB Professional \u2014 shutterstock.com<br>Platzreife Deluxe: wave\u00adbreak\u00adme\u00addia \u2014 shutterstock.com<br>Platzreife Relax: Jacob Lund \u2014 shutterstock.com<br>Unsere Platzreifekurse: Riderfoot \u2014 shutterstock.com<br>Themen-Training: wave\u00adbreak\u00adme\u00addia \u2014 shutterstock.com<br>Rookie-Training: Ross Helen \u2014 shutterstock.com<\/p>\n<p>[\/et_pb_text][\/et_pb_column][\/et_pb_row][et_pb_row use_custom_gutter=\u201con\u201d gutter_width=\u201c1\u201d make_equal=\u201con\u201d admin_label=\u201cFransenrand\u201d _builder_version=\u201c4.27.4\u201d _module_preset=\u201cdefault\u201d background_color=\u201crgba(255,255,255,0.8)\u201d background_enable_image=\u201coff\u201d background_size=\u201ccontain\u201d background_position=\u201cbottom_center\u201d background_enable_pattern_style=\u201con\u201d background_pattern_style=\u201cdiagonal-stripes\u201d background_pattern_size=\u201ccustom\u201d background_pattern_width=\u201c5px\u201d background_pattern_height=\u201c0px\u201d background_pattern_repeat_origin=\u201ccenter\u201d width=\u201c100%\u201d height=\u201c5px\u201d custom_margin=\u201c0px||0px||true|false\u201d custom_padding=\u201c0px||0px||false|false\u201d global_colors_info=\u201d{}\u201d][et_pb_column type=\u201c4_4\u201d _builder_version=\u201c4.27.4\u201d _module_preset=\u201cdefault\u201d custom_padding=\u201c40px|30px|||false|false\u201d global_colors_info=\u201d{}\u201d][\/et_pb_column][\/et_pb_row][\/et_pb_section][et_pb_section fb_built=\u201c1\u201d disabled_on=\u201coff|off|off\u201d admin_label=\u201cLeer\u201d _builder_version=\u201c4.27.4\u201d _module_preset=\u201cdefault\u201d background_color=\u201cRGBA(255,255,255,0)\u201d height=\u201c50px\u201d height_phone=\u201c100px\u201d height_last_edited=\u201coff|phone\u201d custom_margin=\u201c0px||50px||false|false\u201d custom_padding=\u201c0px||50px||false|false\u201d top_divider_color=\u201d#EFEFEF\u201d top_divider_height=\u201c169px\u201d bottom_divider_color=\u201d#CCCCCC\u201d global_colors_info=\u201d{}\u201d][et_pb_row _builder_version=\u201c4.27.4\u201d _module_preset=\u201cdefault\u201d global_colors_info=\u201d{}\u201d][et_pb_column type=\u201c4_4\u201d _builder_version=\u201c4.27.4\u201d _module_preset=\u201cdefault\u201d global_colors_info=\u201d{}\u201d][et_pb_text _builder_version=\u201c4.27.4\u201d _module_preset=\u201cdefault\u201d global_colors_info=\u201d{}\u201d][\/et_pb_text][\/et_pb_column][\/et_pb_row][\/et_pb_section]<\/p>\n","protected":false},"excerpt":{"rendered":"<p>ImpressumAngaben gem\u00e4\u00df \u00a7 5 TMG: Daniela HungerFrankengolfschuleGerhelm 191235 Velden Kontakt: Telefon: 01717304598E-Mail: info(at)frankengolfschule.de Umsatzsteuer-ID:Umsatzsteuer-Identifikationsnummer gem\u00e4\u00df \u00a727 a Umsatzsteuergesetz:DE56071293286 Registernummer: HRA 17524, HR N\u00fcrnberg Angaben zur Berufshaftpflichtversicherung:Name und Sitz des Versicherers:GENERALI Versicherung Quelle:&nbsp;https:\/\/www.e\u2011recht24.de Haftungsausschluss (Disclaimer)Haftung f\u00fcr Inhalte Als Diensteanbieter sind wir gem\u00e4\u00df \u00a7 7 Abs.1 TMG f\u00fcr eige\u00adne Inhalte auf die\u00adsen Seiten nach den all\u00adge\u00admei\u00adnen Gesetzen ver\u00adant\u00adwort\u00adlich. Nach \u00a7\u00a7 8 bis 10 TMG sind wir als Diensteanbieter jedoch nicht ver\u00adpflich\u00adtet, \u00fcber\u00admit\u00adtel\u00adte oder gespei\u00adcher\u00adte frem\u00adde Informationen zu \u00fcber\u00adwa\u00adchen oder nach Umst\u00e4nden zu for\u00adschen, die auf eine rechts\u00adwid\u00adri\u00adge T\u00e4tigkeit hin\u00adwei\u00adsen. Verpflichtungen zur Entfernung oder Sperrung der Nutzung von Informationen nach den all\u00adge\u00admei\u00adnen Gesetzen blei\u00adben hier\u00advon unbe\u00adr\u00fchrt. Eine dies\u00adbe\u00adz\u00fcg\u00adli\u00adche Haftung ist jedoch erst ab dem Zeitpunkt der Kenntnis einer kon\u00adkre\u00adten Rechtsverletzung m\u00f6g\u00adlich. Bei Bekanntwerden von ent\u00adspre\u00adchen\u00adden Rechtsverletzungen wer\u00adden wir die\u00adse Inhalte umge\u00adhend ent\u00adfer\u00adnen. Haftung f\u00fcr Links Unser Angebot ent\u00adh\u00e4lt Links zu exter\u00adnen Webseiten Dritter, auf deren Inhalte wir kei\u00adnen Einfluss haben. Deshalb k\u00f6n\u00adnen wir f\u00fcr die\u00adse frem\u00adden Inhalte auch kei\u00adne Gew\u00e4hr \u00fcber\u00adneh\u00admen. F\u00fcr die Inhalte der ver\u00adlink\u00adten Seiten ist stets der jewei\u00adli\u00adge Anbieter oder Betreiber der Seiten ver\u00adant\u00adwort\u00adlich. Die ver\u00adlink\u00adten Seiten wur\u00adden zum Zeitpunkt der Verlinkung auf m\u00f6g\u00adli\u00adche Rechtsverst\u00f6\u00dfe \u00fcber\u00adpr\u00fcft. Rechtswidrige Inhalte waren zum Zeitpunkt der Verlinkung nicht erkenn\u00adbar. Eine per\u00adma\u00adnen\u00adte inhalt\u00adli\u00adche Kontrolle der&nbsp;[\u2026]<\/p>\n","protected":false},"author":2,"featured_media":0,"parent":26,"menu_order":0,"comment_status":"closed","ping_status":"closed","template":"","meta":{"_et_pb_use_builder":"on","_et_pb_old_content":"","_et_gb_content_width":"","wp_typography_post_enhancements_disabled":false,"footnotes":""},"class_list":["post-1320","page","type-page","status-publish","hentry"],"yoast_head":"<!-- This site is optimized with the Yoast SEO plugin v27.0 - https:\/\/yoast.com\/product\/yoast-seo-wordpress\/ -->\n<title>Impressum - Golfschule<\/title>\n<meta name=\"robots\" content=\"index, follow, max-snippet:-1, max-image-preview:large, max-video-preview:-1\" \/>\n<link rel=\"canonical\" href=\"https:\/\/frankengolfschule.de\/de\/golfschule\/impressum\/\" \/>\n<meta property=\"og:locale\" content=\"de_DE\" \/>\n<meta property=\"og:type\" content=\"article\" \/>\n<meta property=\"og:title\" content=\"Impressum - Golfschule\" \/>\n<meta property=\"og:description\" content=\"ImpressumAngaben gem\u00e4\u00df \u00a7 5 TMG: Daniela HungerFrankengolfschuleGerhelm 191235 Velden Kontakt: Telefon: 01717304598E-Mail: info(at)frankengolfschule.de Umsatzsteuer-ID:Umsatzsteuer-Identifikationsnummer gem\u00e4\u00df \u00a727 a Umsatzsteuergesetz:DE56071293286 Registernummer: HRA 17524, HR N\u00fcrnberg Angaben zur Berufshaftpflichtversicherung:Name und Sitz des Versicherers:GENERALI Versicherung Quelle:\u00a0https:\/\/www.e-recht24.de Haftungsausschluss (Disclaimer)Haftung f\u00fcr Inhalte Als Diensteanbieter sind wir gem\u00e4\u00df \u00a7 7 Abs.1 TMG f\u00fcr eigene Inhalte auf diesen Seiten nach den allgemeinen Gesetzen verantwortlich. Nach \u00a7\u00a7 8 bis 10 TMG sind wir als Diensteanbieter jedoch nicht verpflichtet, \u00fcbermittelte oder gespeicherte fremde Informationen zu \u00fcberwachen oder nach Umst\u00e4nden zu forschen, die auf eine rechtswidrige T\u00e4tigkeit hinweisen. Verpflichtungen zur Entfernung oder Sperrung der Nutzung von Informationen nach den allgemeinen Gesetzen bleiben hiervon unber\u00fchrt. Eine diesbez\u00fcgliche Haftung ist jedoch erst ab dem Zeitpunkt der Kenntnis einer konkreten Rechtsverletzung m\u00f6glich. Bei Bekanntwerden von entsprechenden Rechtsverletzungen werden wir diese Inhalte umgehend entfernen. Haftung f\u00fcr Links Unser Angebot enth\u00e4lt Links zu externen Webseiten Dritter, auf deren Inhalte wir keinen Einfluss haben. Deshalb k\u00f6nnen wir f\u00fcr diese fremden Inhalte auch keine Gew\u00e4hr \u00fcbernehmen. F\u00fcr die Inhalte der verlinkten Seiten ist stets der jeweilige Anbieter oder Betreiber der Seiten verantwortlich. Die verlinkten Seiten wurden zum Zeitpunkt der Verlinkung auf m\u00f6gliche Rechtsverst\u00f6\u00dfe \u00fcberpr\u00fcft. Rechtswidrige Inhalte waren zum Zeitpunkt der Verlinkung nicht erkennbar. Eine permanente inhaltliche Kontrolle der [&hellip;]\" \/>\n<meta property=\"og:url\" content=\"https:\/\/frankengolfschule.de\/de\/golfschule\/impressum\/\" \/>\n<meta property=\"og:site_name\" content=\"Golfschule\" \/>\n<meta property=\"article:modified_time\" content=\"2025-10-26T10:19:43+00:00\" \/>\n<meta name=\"twitter:card\" content=\"summary_large_image\" \/>\n<meta name=\"twitter:label1\" content=\"Gesch\u00e4tzte Lesezeit\" \/>\n\t<meta name=\"twitter:data1\" content=\"3\u00a0Minuten\" \/>\n<script type=\"application\/ld+json\" class=\"yoast-schema-graph\">{\"@context\":\"https:\/\/schema.org\",\"@graph\":[{\"@type\":\"WebPage\",\"@id\":\"https:\/\/frankengolfschule.de\/de\/golfschule\/impressum\/\",\"url\":\"https:\/\/frankengolfschule.de\/de\/golfschule\/impressum\/\",\"name\":\"Impressum - Golfschule\",\"isPartOf\":{\"@id\":\"https:\/\/frankengolfschule.de\/de\/#website\"},\"datePublished\":\"2025-03-12T14:07:58+00:00\",\"dateModified\":\"2025-10-26T10:19:43+00:00\",\"breadcrumb\":{\"@id\":\"https:\/\/frankengolfschule.de\/de\/golfschule\/impressum\/#breadcrumb\"},\"inLanguage\":\"de\",\"potentialAction\":[{\"@type\":\"ReadAction\",\"target\":[\"https:\/\/frankengolfschule.de\/de\/golfschule\/impressum\/\"]}]},{\"@type\":\"BreadcrumbList\",\"@id\":\"https:\/\/frankengolfschule.de\/de\/golfschule\/impressum\/#breadcrumb\",\"itemListElement\":[{\"@type\":\"ListItem\",\"position\":1,\"name\":\"Startseite\",\"item\":\"https:\/\/frankengolfschule.de\/de\/\"},{\"@type\":\"ListItem\",\"position\":2,\"name\":\"Golfschule\",\"item\":\"https:\/\/frankengolfschule.de\/de\/\"},{\"@type\":\"ListItem\",\"position\":3,\"name\":\"Impressum\"}]},{\"@type\":\"WebSite\",\"@id\":\"https:\/\/frankengolfschule.de\/de\/#website\",\"url\":\"https:\/\/frankengolfschule.de\/de\/\",\"name\":\"Frankengolfschule Daniela Hunger\",\"description\":\"\",\"publisher\":{\"@id\":\"https:\/\/frankengolfschule.de\/de\/#organization\"},\"potentialAction\":[{\"@type\":\"SearchAction\",\"target\":{\"@type\":\"EntryPoint\",\"urlTemplate\":\"https:\/\/frankengolfschule.de\/de\/?s={search_term_string}\"},\"query-input\":{\"@type\":\"PropertyValueSpecification\",\"valueRequired\":true,\"valueName\":\"search_term_string\"}}],\"inLanguage\":\"de\"},{\"@type\":\"Organization\",\"@id\":\"https:\/\/frankengolfschule.de\/de\/#organization\",\"name\":\"Frankengolfschule Daniela Hunger\",\"url\":\"https:\/\/frankengolfschule.de\/de\/\",\"logo\":{\"@type\":\"ImageObject\",\"inLanguage\":\"de\",\"@id\":\"https:\/\/frankengolfschule.de\/de\/#\/schema\/logo\/image\/\",\"url\":\"https:\/\/frankengolfschule.de\/de\/wp-content\/uploads\/2025\/03\/FGS_Logo_1.png\",\"contentUrl\":\"https:\/\/frankengolfschule.de\/de\/wp-content\/uploads\/2025\/03\/FGS_Logo_1.png\",\"width\":600,\"height\":76,\"caption\":\"Frankengolfschule Daniela Hunger\"},\"image\":{\"@id\":\"https:\/\/frankengolfschule.de\/de\/#\/schema\/logo\/image\/\"}}]}<\/script>\n<!-- \/ Yoast SEO plugin. -->","yoast_head_json":{"title":"Impressum - Golfschule","robots":{"index":"index","follow":"follow","max-snippet":"max-snippet:-1","max-image-preview":"max-image-preview:large","max-video-preview":"max-video-preview:-1"},"canonical":"https:\/\/frankengolfschule.de\/de\/golfschule\/impressum\/","og_locale":"de_DE","og_type":"article","og_title":"Impressum - Golfschule","og_description":"ImpressumAngaben gem\u00e4\u00df \u00a7 5 TMG: Daniela HungerFrankengolfschuleGerhelm 191235 Velden Kontakt: Telefon: 01717304598E-Mail: info(at)frankengolfschule.de Umsatzsteuer-ID:Umsatzsteuer-Identifikationsnummer gem\u00e4\u00df \u00a727 a Umsatzsteuergesetz:DE56071293286 Registernummer: HRA 17524, HR N\u00fcrnberg Angaben zur Berufshaftpflichtversicherung:Name und Sitz des Versicherers:GENERALI Versicherung Quelle:\u00a0https:\/\/www.e-recht24.de Haftungsausschluss (Disclaimer)Haftung f\u00fcr Inhalte Als Diensteanbieter sind wir gem\u00e4\u00df \u00a7 7 Abs.1 TMG f\u00fcr eigene Inhalte auf diesen Seiten nach den allgemeinen Gesetzen verantwortlich. Nach \u00a7\u00a7 8 bis 10 TMG sind wir als Diensteanbieter jedoch nicht verpflichtet, \u00fcbermittelte oder gespeicherte fremde Informationen zu \u00fcberwachen oder nach Umst\u00e4nden zu forschen, die auf eine rechtswidrige T\u00e4tigkeit hinweisen. Verpflichtungen zur Entfernung oder Sperrung der Nutzung von Informationen nach den allgemeinen Gesetzen bleiben hiervon unber\u00fchrt. Eine diesbez\u00fcgliche Haftung ist jedoch erst ab dem Zeitpunkt der Kenntnis einer konkreten Rechtsverletzung m\u00f6glich. Bei Bekanntwerden von entsprechenden Rechtsverletzungen werden wir diese Inhalte umgehend entfernen. Haftung f\u00fcr Links Unser Angebot enth\u00e4lt Links zu externen Webseiten Dritter, auf deren Inhalte wir keinen Einfluss haben. Deshalb k\u00f6nnen wir f\u00fcr diese fremden Inhalte auch keine Gew\u00e4hr \u00fcbernehmen. F\u00fcr die Inhalte der verlinkten Seiten ist stets der jeweilige Anbieter oder Betreiber der Seiten verantwortlich. Die verlinkten Seiten wurden zum Zeitpunkt der Verlinkung auf m\u00f6gliche Rechtsverst\u00f6\u00dfe \u00fcberpr\u00fcft. Rechtswidrige Inhalte waren zum Zeitpunkt der Verlinkung nicht erkennbar. Eine permanente inhaltliche Kontrolle der [&hellip;]","og_url":"https:\/\/frankengolfschule.de\/de\/golfschule\/impressum\/","og_site_name":"Golfschule","article_modified_time":"2025-10-26T10:19:43+00:00","twitter_card":"summary_large_image","twitter_misc":{"Gesch\u00e4tzte Lesezeit":"3\u00a0Minuten"},"schema":{"@context":"https:\/\/schema.org","@graph":[{"@type":"WebPage","@id":"https:\/\/frankengolfschule.de\/de\/golfschule\/impressum\/","url":"https:\/\/frankengolfschule.de\/de\/golfschule\/impressum\/","name":"Impressum - Golfschule","isPartOf":{"@id":"https:\/\/frankengolfschule.de\/de\/#website"},"datePublished":"2025-03-12T14:07:58+00:00","dateModified":"2025-10-26T10:19:43+00:00","breadcrumb":{"@id":"https:\/\/frankengolfschule.de\/de\/golfschule\/impressum\/#breadcrumb"},"inLanguage":"de","potentialAction":[{"@type":"ReadAction","target":["https:\/\/frankengolfschule.de\/de\/golfschule\/impressum\/"]}]},{"@type":"BreadcrumbList","@id":"https:\/\/frankengolfschule.de\/de\/golfschule\/impressum\/#breadcrumb","itemListElement":[{"@type":"ListItem","position":1,"name":"Startseite","item":"https:\/\/frankengolfschule.de\/de\/"},{"@type":"ListItem","position":2,"name":"Golfschule","item":"https:\/\/frankengolfschule.de\/de\/"},{"@type":"ListItem","position":3,"name":"Impressum"}]},{"@type":"WebSite","@id":"https:\/\/frankengolfschule.de\/de\/#website","url":"https:\/\/frankengolfschule.de\/de\/","name":"Frankengolfschule Daniela Hunger","description":"","publisher":{"@id":"https:\/\/frankengolfschule.de\/de\/#organization"},"potentialAction":[{"@type":"SearchAction","target":{"@type":"EntryPoint","urlTemplate":"https:\/\/frankengolfschule.de\/de\/?s={search_term_string}"},"query-input":{"@type":"PropertyValueSpecification","valueRequired":true,"valueName":"search_term_string"}}],"inLanguage":"de"},{"@type":"Organization","@id":"https:\/\/frankengolfschule.de\/de\/#organization","name":"Frankengolfschule Daniela Hunger","url":"https:\/\/frankengolfschule.de\/de\/","logo":{"@type":"ImageObject","inLanguage":"de","@id":"https:\/\/frankengolfschule.de\/de\/#\/schema\/logo\/image\/","url":"https:\/\/frankengolfschule.de\/de\/wp-content\/uploads\/2025\/03\/FGS_Logo_1.png","contentUrl":"https:\/\/frankengolfschule.de\/de\/wp-content\/uploads\/2025\/03\/FGS_Logo_1.png","width":600,"height":76,"caption":"Frankengolfschule Daniela Hunger"},"image":{"@id":"https:\/\/frankengolfschule.de\/de\/#\/schema\/logo\/image\/"}}]}},"_links":{"self":[{"href":"https:\/\/frankengolfschule.de\/de\/wp-json\/wp\/v2\/pages\/1320","targetHints":{"allow":["GET"]}}],"collection":[{"href":"https:\/\/frankengolfschule.de\/de\/wp-json\/wp\/v2\/pages"}],"about":[{"href":"https:\/\/frankengolfschule.de\/de\/wp-json\/wp\/v2\/types\/page"}],"author":[{"embeddable":true,"href":"https:\/\/frankengolfschule.de\/de\/wp-json\/wp\/v2\/users\/2"}],"replies":[{"embeddable":true,"href":"https:\/\/frankengolfschule.de\/de\/wp-json\/wp\/v2\/comments?post=1320"}],"version-history":[{"count":7,"href":"https:\/\/frankengolfschule.de\/de\/wp-json\/wp\/v2\/pages\/1320\/revisions"}],"predecessor-version":[{"id":1806,"href":"https:\/\/frankengolfschule.de\/de\/wp-json\/wp\/v2\/pages\/1320\/revisions\/1806"}],"up":[{"embeddable":true,"href":"https:\/\/frankengolfschule.de\/de\/wp-json\/wp\/v2\/pages\/26"}],"wp:attachment":[{"href":"https:\/\/frankengolfschule.de\/de\/wp-json\/wp\/v2\/media?parent=1320"}],"curies":[{"name":"wp","href":"https:\/\/api.w.org\/{rel}","templated":true}]}}