{"id":1313,"date":"2025-03-12T14:57:23","date_gmt":"2025-03-12T13:57:23","guid":{"rendered":"https:\/\/frankengolfschule.de\/de\/?page_id=1313"},"modified":"2026-01-26T12:54:06","modified_gmt":"2026-01-26T11:54:06","slug":"agb","status":"publish","type":"page","link":"https:\/\/frankengolfschule.de\/de\/golfschule\/agb\/","title":{"rendered":"AGB"},"content":{"rendered":"<p>[et_pb_section fb_built=\u201c1\u201d custom_padding_last_edited=\u201con|phone\u201d admin_label=\u201cWillkommen\u201d _builder_version=\u201c4.27.4\u201d _module_preset=\u201cdefault\u201d background_color=\u201cRGBA(255,255,255,0)\u201d custom_margin=\u201c30px||||false|false\u201d custom_margin_last_edited=\u201coff|phone\u201d custom_padding=\u201c0px||70px||false|false\u201d custom_padding_tablet=\u201c0px||70px||false|false\u201d custom_padding_phone=\u201c20px||0px||false|false\u201d top_divider_color=\u201d#EFEFEF\u201d top_divider_height=\u201c169px\u201d bottom_divider_color=\u201d#CCCCCC\u201d global_colors_info=\u201d{}\u201d][et_pb_row use_custom_gutter=\u201con\u201d gutter_width=\u201c1\u201d make_equal=\u201con\u201d admin_label=\u201cFransenrand\u201d _builder_version=\u201c4.27.4\u201d _module_preset=\u201cdefault\u201d background_color=\u201crgba(255,255,255,0.8)\u201d background_enable_image=\u201coff\u201d background_size=\u201ccontain\u201d background_position=\u201cbottom_center\u201d background_enable_pattern_style=\u201con\u201d background_pattern_style=\u201cdiagonal-stripes\u201d background_pattern_size=\u201ccustom\u201d background_pattern_width=\u201c5px\u201d background_pattern_height=\u201c0px\u201d background_pattern_repeat_origin=\u201ccenter\u201d width=\u201c100%\u201d height=\u201c5px\u201d custom_margin=\u201c0px||0px||true|false\u201d custom_padding=\u201c0px||0px||false|false\u201d global_colors_info=\u201d{}\u201d][et_pb_column type=\u201c4_4\u201d _builder_version=\u201c4.27.4\u201d _module_preset=\u201cdefault\u201d custom_padding=\u201c40px|30px|||false|false\u201d global_colors_info=\u201d{}\u201d][\/et_pb_column][\/et_pb_row][et_pb_row use_custom_gutter=\u201con\u201d gutter_width=\u201c1\u201d make_equal=\u201con\u201d _builder_version=\u201c4.27.4\u201d _module_preset=\u201cdefault\u201d background_color=\u201crgba(255,255,255,0.9)\u201d background_enable_image=\u201coff\u201d background_size=\u201ccontain\u201d background_position=\u201cbottom_center\u201d width=\u201c100%\u201d custom_margin=\u201c0px||0px||true|false\u201d custom_padding=\u201c0px||50px||false|false\u201d global_colors_info=\u201d{}\u201d][et_pb_column type=\u201c4_4\u201d _builder_version=\u201c4.27.4\u201d _module_preset=\u201cdefault\u201d custom_padding=\u201c40px|20px||20px|false|true\u201d global_colors_info=\u201d{}\u201d][et_pb_text _builder_version=\u201c4.27.4\u201d _module_preset=\u201cdefault\u201d header_text_align=\u201ccenter\u201d header_font_size=\u201c38px\u201d header_line_height=\u201c1.4em\u201d custom_margin=\u201d||30px||false|false\u201d hover_enabled=\u201c0\u201d header_font_size_tablet=\u201c38px\u201d header_font_size_phone=\u201c26px\u201d header_font_size_last_edited=\u201con|phone\u201d global_colors_info=\u201d{}\u201d sticky_enabled=\u201c0\u201d]<\/p>\n<h1 class=\"uk-article-title uk-margin-top-remove\">AGB<\/h1>\n<p>[\/et_pb_text][et_pb_text _builder_version=\u201c4.27.5\u201d _module_preset=\u201cdefault\u201d text_font_size=\u201c16px\u201d header_text_align=\u201ccenter\u201d header_font_size=\u201c38px\u201d header_3_font=\u201d|||on|||||\u201d header_3_text_color=\u201c#000000\u201d header_3_font_size=\u201c20px\u201d header_3_line_height=\u201c1.4em\u201d custom_margin=\u201d|50px||50px|false|true\u201d hover_enabled=\u201c0\u201d global_colors_info=\u201d{}\u201d sticky_enabled=\u201c0\u201d]<\/p>\n<p class=\"text-center\" style=\"text-align: left;\">1. Kurse, die sp\u00e4\u00adter als eine Woche vor Beginn abge\u00adsagt wer\u00adden, berech\u00adnen wir mit&nbsp;100%.<\/p>\n<p>2. Privatstunden, die sp\u00e4\u00adter als 72 Stunden vor Beginn abge\u00adsagt wer\u00adden, berech\u00adnen wir mit&nbsp;100%.<\/p>\n<p>2a. Tipps und Tricks Trainings wel\u00adches sp\u00e4\u00adter als 48 Stunden vor Beginn abge\u00adsagt wer\u00adden, berech\u00adnen wir mit&nbsp;100%.&nbsp;.<\/p>\n<p>3. Privatstunden, wel\u00adche im \u201cClubhouse\u201d als Wintertraining gebucht wer\u00adden, die sp\u00e4\u00adter als 72 Stunden vor Beginn abge\u00adsagt wer\u00adden, berech\u00adnen wir mit 100%. Ebenso berech\u00adnen wir in diesem Fall die Clubhouse \u2014 Geb\u00fchren; wel\u00adche an das \u201cClubhouse\u201d abge\u00adf\u00fchrt wer\u00adden m\u00fcssen.<\/p>\n<p>4. Falls die Mindestteilnehmerzahl f\u00fcr Kurse nicht erreicht wird, beh\u00e4lt sich die Frankengolfschule vor, die Unterrichtszeiten fair zu redu\u00adzie\u00adren oder einen Ersatztermin anzubieten.<\/p>\n<p>5. Bei Buchung eines Firmenevents wer\u00adden wir 50% des Rechnungsbetrages als Anzahlung in Rechnung stel\u00adlen, den Restbetrag 14 Tage vor Kursbeginn. Sollte der Kurs fr\u00fc\u00adher oder eine Woche vor Beginn stor\u00adniert wer\u00adden, wird von der Frankengolfschule der gesam\u00adte Betrag erstat\u00adtet. Sollte der Kurs sp\u00e4\u00adter als eine Woche vor Beginn stor\u00adniert wer\u00adden, bleibt der Betrag vereinnahmt.<\/p>\n<p>6. Kurse, Gutscheine, im Voraus bezahl\u00adte Unterrichtseinheiten sowie 5er\u2011, 10er- Karten k\u00f6n\u00adnen nicht bar aus\u00adge\u00adzahlt wer\u00adden und sind nicht \u00fcber\u00adtrag\u00adbar. Ferner sind die\u00adse drei Jahre nach Erwerb g\u00fcl\u00adtig. Sie k\u00f6n\u00adnen nicht ver\u00adl\u00e4n\u00adgert werden.<\/p>\n<p>7.Gutscheine wel\u00adche Ihnen in Sonderaktionen (Osterspecial oder Weihnachtsaktion) ange\u00adbo\u00adten wer\u00adden, sind jeweils bis Ende der jewei\u00adlig ange\u00adge\u00adbe\u00adnen Saison (31.12) g\u00fcl\u00adtig und k\u00f6n\u00adnen nicht ver\u00adl\u00e4n\u00adgert werden.<\/p>\n<p>8. Bei Wiederholung, auf Grund Nichtbestehen, einer theo\u00adre\u00adti\u00adschen Platzreifepr\u00fcfung im Rahmen eines \u201cRelax\u201d, \u201cKompakt\u201d oder \u201cde Luxe\u201d Platzreifekurses berech\u00adnet die Frankengolfschule, bei absol\u00advie\u00adren der Pr\u00fcfung w\u00e4h\u00adrend eines Folgekurses 50% der aktu\u00adel\u00adlen Pr\u00fcfungsgeb\u00fchr.<\/p>\n<p>9. Bei Wiederholung, auf Grund Nichtbestehen, einer prak\u00adti\u00adschen Platzreifepr\u00fcfung Rahmen eines \u201cRelax\u201d, \u201cKompakt\u201d oder \u201cde Luxe\u201d Platzreifekurses* berech\u00adnet die Frankengolfschule, bei absol\u00advie\u00adren der Pr\u00fcfung w\u00e4h\u00adrend eines Folgekurses, die aktu\u00adel\u00adle Pr\u00fcfungsgeb\u00fchr.<\/p>\n<p>10. Die Trainingseinheiten stel\u00adlen eine Planungsgr\u00f6\u00dfe da. Sollte sich der Unterrichtsbedarf \u00e4ndern, erh\u00f6ht oder ver\u00adrin\u00adgert die Frankengolfschule den Betrag um Euro 1,44 pro Minute im Jahr&nbsp;2026.<\/p>\n<p>11. Die Rechnung f\u00fcr die jewei\u00adli\u00adge Buchung, aus\u00adge\u00adnom\u00admen ist das Tipps und Tricks Training sowie unse\u00adren Privatunterricht, erfolgt nach Buchungseingang.<\/p>\n<p>12. Eine Anmeldung ist f\u00fcr alle Kurse und den Privatunterricht erforderlich.<\/p>\n<p>13. Leihschl\u00e4ger sind gegen eine Geb\u00fchr in H\u00f6he von Euro 19,00, f\u00fcr die Dauer eines \u201cKompakt\u201d und Euro 29,00 f\u00fcr unse\u00adren \u201cRelax\u201d Platzreifekurs zubuchbar.<\/p>\n<p>14. Die Leihschl\u00e4ger Geb\u00fchr f\u00fcr die Dauer des Kurses wird bei unserem Platzreifekurs \u201cde Luxe\u201d nicht erhoben<\/p>\n<p>15. Leihschl\u00e4ger sind, bei \u00dcbernahme in sau\u00adbe\u00adren Zustand, nach Beendigung des Kurses in der Frankengolfschule abzu\u00adge\u00adben. Sind die zur\u00fcck gege\u00adbe\u00adnen Leihschl\u00e4ger unvoll\u00adst\u00e4n\u00addig erhe\u00adben wir pro ver\u00adlo\u00adre\u00adnen oder defek\u00adten Schl\u00e4ger Euro 35,00<\/p>\n<p>16. F\u00fcr ein Duplikat Ihres Platzreife Zertifikates wel\u00adches nach mehr als einem Jahr nach bestehen der Platzreifepr\u00fcfung nach\u00adge\u00adfor\u00addert wird, ver\u00adrech\u00adnet die Frankengolfschule eine Bearbeitungsgeb\u00fchr inklu\u00adsi\u00adve Porto von Euro 10,00<\/p>\n<p>17. F\u00fcr Leistungen, die nicht von der Frankengolfschule ange\u00adbo\u00adten und ver\u00adein\u00adnahmt wer\u00adden, \u00fcber\u00adnimmt die\u00adse kei\u00adne Haftung.<\/p>\n<p>&nbsp;<\/p>\n<p>Alle Preise ver\u00adste\u00adhen sich inklu\u00adsi\u00adve der gesetz\u00adli\u00adchen Mehrwertsteuer.<\/p>\n<p>\u00c4nderungen blei\u00adben der Frankengolfschule vorbehalten<\/p>\n<p>[\/et_pb_text][\/et_pb_column][\/et_pb_row][et_pb_row use_custom_gutter=\u201con\u201d gutter_width=\u201c1\u201d make_equal=\u201con\u201d admin_label=\u201cFransenrand\u201d _builder_version=\u201c4.27.4\u201d _module_preset=\u201cdefault\u201d background_color=\u201crgba(255,255,255,0.8)\u201d background_enable_image=\u201coff\u201d background_size=\u201ccontain\u201d background_position=\u201cbottom_center\u201d background_enable_pattern_style=\u201con\u201d background_pattern_style=\u201cdiagonal-stripes\u201d background_pattern_size=\u201ccustom\u201d background_pattern_width=\u201c5px\u201d background_pattern_height=\u201c0px\u201d background_pattern_repeat_origin=\u201ccenter\u201d width=\u201c100%\u201d height=\u201c5px\u201d custom_margin=\u201c0px||0px||true|false\u201d custom_padding=\u201c0px||0px||false|false\u201d global_colors_info=\u201d{}\u201d][et_pb_column type=\u201c4_4\u201d _builder_version=\u201c4.27.4\u201d _module_preset=\u201cdefault\u201d custom_padding=\u201c40px|30px|||false|false\u201d global_colors_info=\u201d{}\u201d][\/et_pb_column][\/et_pb_row][\/et_pb_section][et_pb_section fb_built=\u201c1\u201d disabled_on=\u201coff|off|off\u201d admin_label=\u201cLeer\u201d _builder_version=\u201c4.27.4\u201d _module_preset=\u201cdefault\u201d background_color=\u201cRGBA(255,255,255,0)\u201d height=\u201c50px\u201d height_phone=\u201c100px\u201d height_last_edited=\u201coff|phone\u201d custom_margin=\u201c0px||50px||false|false\u201d custom_padding=\u201c0px||50px||false|false\u201d top_divider_color=\u201d#EFEFEF\u201d top_divider_height=\u201c169px\u201d bottom_divider_color=\u201d#CCCCCC\u201d global_colors_info=\u201d{}\u201d][et_pb_row _builder_version=\u201c4.27.4\u201d _module_preset=\u201cdefault\u201d global_colors_info=\u201d{}\u201d][et_pb_column type=\u201c4_4\u201d _builder_version=\u201c4.27.4\u201d _module_preset=\u201cdefault\u201d global_colors_info=\u201d{}\u201d][et_pb_text _builder_version=\u201c4.27.4\u201d _module_preset=\u201cdefault\u201d global_colors_info=\u201d{}\u201d][\/et_pb_text][\/et_pb_column][\/et_pb_row][\/et_pb_section]<\/p>\n","protected":false},"excerpt":{"rendered":"<p>AGB1. Kurse, die sp\u00e4\u00adter als eine Woche vor Beginn abge\u00adsagt wer\u00adden, berech\u00adnen wir mit 100%. 2. Privatstunden, die sp\u00e4\u00adter als 72 Stunden vor Beginn abge\u00adsagt wer\u00adden, berech\u00adnen wir mit 100%. 2a. Tipps und Tricks Trainings wel\u00adches sp\u00e4\u00adter als 48 Stunden vor Beginn abge\u00adsagt wer\u00adden, berech\u00adnen wir mit 100%. . 3. Privatstunden, wel\u00adche im \u201cClubhouse\u201d als Wintertraining gebucht wer\u00adden, die sp\u00e4\u00adter als 72 Stunden vor Beginn abge\u00adsagt wer\u00adden, berech\u00adnen wir mit 100%. Ebenso berech\u00adnen wir in diesem Fall die Clubhouse \u2014 Geb\u00fchren; wel\u00adche an das \u201cClubhouse\u201d abge\u00adf\u00fchrt wer\u00adden m\u00fcs\u00adsen. 4. Falls die Mindestteilnehmerzahl f\u00fcr Kurse nicht erreicht wird, beh\u00e4lt sich die Frankengolfschule vor, die Unterrichtszeiten fair zu redu\u00adzie\u00adren oder einen Ersatztermin anzu\u00adbie\u00adten. 5. Bei Buchung eines Firmenevents wer\u00adden wir 50% des Rechnungsbetrages als Anzahlung in Rechnung stel\u00adlen, den Restbetrag 14 Tage vor Kursbeginn. Sollte der Kurs fr\u00fc\u00adher oder eine Woche vor Beginn stor\u00adniert wer\u00adden, wird von der Frankengolfschule der gesam\u00adte Betrag erstat\u00adtet. Sollte der Kurs sp\u00e4\u00adter als eine Woche vor Beginn stor\u00adniert wer\u00adden, bleibt der Betrag ver\u00adein\u00adnahmt. 6. Kurse, Gutscheine, im Voraus bezahl\u00adte Unterrichtseinheiten sowie 5er\u2011, 10er- Karten k\u00f6n\u00adnen nicht bar aus\u00adge\u00adzahlt wer\u00adden und sind nicht \u00fcber\u00adtrag\u00adbar. Ferner sind die\u00adse drei Jahre nach Erwerb g\u00fcl\u00adtig. Sie k\u00f6n\u00adnen nicht ver\u00adl\u00e4n\u00adgert wer\u00adden. 7.Gutscheine [\u2026]<\/p>\n","protected":false},"author":2,"featured_media":0,"parent":26,"menu_order":0,"comment_status":"closed","ping_status":"closed","template":"","meta":{"_et_pb_use_builder":"on","_et_pb_old_content":"","_et_gb_content_width":"","wp_typography_post_enhancements_disabled":false,"footnotes":""},"class_list":["post-1313","page","type-page","status-publish","hentry"],"yoast_head":"<!-- This site is optimized with the Yoast SEO plugin v27.0 - https:\/\/yoast.com\/product\/yoast-seo-wordpress\/ -->\n<title>AGB - Golfschule<\/title>\n<meta name=\"robots\" content=\"index, follow, max-snippet:-1, max-image-preview:large, max-video-preview:-1\" \/>\n<link rel=\"canonical\" href=\"https:\/\/frankengolfschule.de\/de\/golfschule\/agb\/\" \/>\n<meta property=\"og:locale\" content=\"de_DE\" \/>\n<meta property=\"og:type\" content=\"article\" \/>\n<meta property=\"og:title\" content=\"AGB - Golfschule\" \/>\n<meta property=\"og:description\" content=\"AGB1. Kurse, die sp\u00e4ter als eine Woche vor Beginn abgesagt werden, berechnen wir mit 100%. 2. Privatstunden, die sp\u00e4ter als 72 Stunden vor Beginn abgesagt werden, berechnen wir mit 100%. 2a. Tipps und Tricks Trainings welches sp\u00e4ter als 48 Stunden vor Beginn abgesagt werden, berechnen wir mit 100%. . 3. Privatstunden, welche im &quot;Clubhouse&quot; als Wintertraining gebucht werden, die sp\u00e4ter als 72 Stunden vor Beginn abgesagt werden, berechnen wir mit 100%. Ebenso berechnen wir in diesem Fall die Clubhouse - Geb\u00fchren; welche an das &quot;Clubhouse&quot; abgef\u00fchrt werden m\u00fcssen. 4. Falls die Mindestteilnehmerzahl f\u00fcr Kurse nicht erreicht wird, beh\u00e4lt sich die Frankengolfschule vor, die Unterrichtszeiten fair zu reduzieren oder einen Ersatztermin anzubieten. 5. Bei Buchung eines Firmenevents werden wir 50% des Rechnungsbetrages als Anzahlung in Rechnung stellen, den Restbetrag 14 Tage vor Kursbeginn. Sollte der Kurs fr\u00fcher oder eine Woche vor Beginn storniert werden, wird von der Frankengolfschule der gesamte Betrag erstattet. Sollte der Kurs sp\u00e4ter als eine Woche vor Beginn storniert werden, bleibt der Betrag vereinnahmt. 6. Kurse, Gutscheine, im Voraus bezahlte Unterrichtseinheiten sowie 5er-, 10er- Karten k\u00f6nnen nicht bar ausgezahlt werden und sind nicht \u00fcbertragbar. Ferner sind diese drei Jahre nach Erwerb g\u00fcltig. Sie k\u00f6nnen nicht verl\u00e4ngert werden. 7.Gutscheine [&hellip;]\" \/>\n<meta property=\"og:url\" content=\"https:\/\/frankengolfschule.de\/de\/golfschule\/agb\/\" \/>\n<meta property=\"og:site_name\" content=\"Golfschule\" \/>\n<meta property=\"article:modified_time\" content=\"2026-01-26T11:54:06+00:00\" \/>\n<meta name=\"twitter:card\" content=\"summary_large_image\" \/>\n<meta name=\"twitter:label1\" content=\"Gesch\u00e4tzte Lesezeit\" \/>\n\t<meta name=\"twitter:data1\" content=\"3\u00a0Minuten\" \/>\n<script type=\"application\/ld+json\" class=\"yoast-schema-graph\">{\"@context\":\"https:\/\/schema.org\",\"@graph\":[{\"@type\":\"WebPage\",\"@id\":\"https:\/\/frankengolfschule.de\/de\/golfschule\/agb\/\",\"url\":\"https:\/\/frankengolfschule.de\/de\/golfschule\/agb\/\",\"name\":\"AGB - Golfschule\",\"isPartOf\":{\"@id\":\"https:\/\/frankengolfschule.de\/de\/#website\"},\"datePublished\":\"2025-03-12T13:57:23+00:00\",\"dateModified\":\"2026-01-26T11:54:06+00:00\",\"breadcrumb\":{\"@id\":\"https:\/\/frankengolfschule.de\/de\/golfschule\/agb\/#breadcrumb\"},\"inLanguage\":\"de\",\"potentialAction\":[{\"@type\":\"ReadAction\",\"target\":[\"https:\/\/frankengolfschule.de\/de\/golfschule\/agb\/\"]}]},{\"@type\":\"BreadcrumbList\",\"@id\":\"https:\/\/frankengolfschule.de\/de\/golfschule\/agb\/#breadcrumb\",\"itemListElement\":[{\"@type\":\"ListItem\",\"position\":1,\"name\":\"Startseite\",\"item\":\"https:\/\/frankengolfschule.de\/de\/\"},{\"@type\":\"ListItem\",\"position\":2,\"name\":\"Golfschule\",\"item\":\"https:\/\/frankengolfschule.de\/de\/\"},{\"@type\":\"ListItem\",\"position\":3,\"name\":\"AGB\"}]},{\"@type\":\"WebSite\",\"@id\":\"https:\/\/frankengolfschule.de\/de\/#website\",\"url\":\"https:\/\/frankengolfschule.de\/de\/\",\"name\":\"Frankengolfschule Daniela Hunger\",\"description\":\"\",\"publisher\":{\"@id\":\"https:\/\/frankengolfschule.de\/de\/#organization\"},\"potentialAction\":[{\"@type\":\"SearchAction\",\"target\":{\"@type\":\"EntryPoint\",\"urlTemplate\":\"https:\/\/frankengolfschule.de\/de\/?s={search_term_string}\"},\"query-input\":{\"@type\":\"PropertyValueSpecification\",\"valueRequired\":true,\"valueName\":\"search_term_string\"}}],\"inLanguage\":\"de\"},{\"@type\":\"Organization\",\"@id\":\"https:\/\/frankengolfschule.de\/de\/#organization\",\"name\":\"Frankengolfschule Daniela Hunger\",\"url\":\"https:\/\/frankengolfschule.de\/de\/\",\"logo\":{\"@type\":\"ImageObject\",\"inLanguage\":\"de\",\"@id\":\"https:\/\/frankengolfschule.de\/de\/#\/schema\/logo\/image\/\",\"url\":\"https:\/\/frankengolfschule.de\/de\/wp-content\/uploads\/2025\/03\/FGS_Logo_1.png\",\"contentUrl\":\"https:\/\/frankengolfschule.de\/de\/wp-content\/uploads\/2025\/03\/FGS_Logo_1.png\",\"width\":600,\"height\":76,\"caption\":\"Frankengolfschule Daniela Hunger\"},\"image\":{\"@id\":\"https:\/\/frankengolfschule.de\/de\/#\/schema\/logo\/image\/\"}}]}<\/script>\n<!-- \/ Yoast SEO plugin. -->","yoast_head_json":{"title":"AGB - Golfschule","robots":{"index":"index","follow":"follow","max-snippet":"max-snippet:-1","max-image-preview":"max-image-preview:large","max-video-preview":"max-video-preview:-1"},"canonical":"https:\/\/frankengolfschule.de\/de\/golfschule\/agb\/","og_locale":"de_DE","og_type":"article","og_title":"AGB - Golfschule","og_description":"AGB1. Kurse, die sp\u00e4ter als eine Woche vor Beginn abgesagt werden, berechnen wir mit 100%. 2. Privatstunden, die sp\u00e4ter als 72 Stunden vor Beginn abgesagt werden, berechnen wir mit 100%. 2a. Tipps und Tricks Trainings welches sp\u00e4ter als 48 Stunden vor Beginn abgesagt werden, berechnen wir mit 100%. . 3. Privatstunden, welche im \"Clubhouse\" als Wintertraining gebucht werden, die sp\u00e4ter als 72 Stunden vor Beginn abgesagt werden, berechnen wir mit 100%. Ebenso berechnen wir in diesem Fall die Clubhouse - Geb\u00fchren; welche an das \"Clubhouse\" abgef\u00fchrt werden m\u00fcssen. 4. Falls die Mindestteilnehmerzahl f\u00fcr Kurse nicht erreicht wird, beh\u00e4lt sich die Frankengolfschule vor, die Unterrichtszeiten fair zu reduzieren oder einen Ersatztermin anzubieten. 5. Bei Buchung eines Firmenevents werden wir 50% des Rechnungsbetrages als Anzahlung in Rechnung stellen, den Restbetrag 14 Tage vor Kursbeginn. Sollte der Kurs fr\u00fcher oder eine Woche vor Beginn storniert werden, wird von der Frankengolfschule der gesamte Betrag erstattet. Sollte der Kurs sp\u00e4ter als eine Woche vor Beginn storniert werden, bleibt der Betrag vereinnahmt. 6. Kurse, Gutscheine, im Voraus bezahlte Unterrichtseinheiten sowie 5er-, 10er- Karten k\u00f6nnen nicht bar ausgezahlt werden und sind nicht \u00fcbertragbar. Ferner sind diese drei Jahre nach Erwerb g\u00fcltig. Sie k\u00f6nnen nicht verl\u00e4ngert werden. 7.Gutscheine [&hellip;]","og_url":"https:\/\/frankengolfschule.de\/de\/golfschule\/agb\/","og_site_name":"Golfschule","article_modified_time":"2026-01-26T11:54:06+00:00","twitter_card":"summary_large_image","twitter_misc":{"Gesch\u00e4tzte Lesezeit":"3\u00a0Minuten"},"schema":{"@context":"https:\/\/schema.org","@graph":[{"@type":"WebPage","@id":"https:\/\/frankengolfschule.de\/de\/golfschule\/agb\/","url":"https:\/\/frankengolfschule.de\/de\/golfschule\/agb\/","name":"AGB - Golfschule","isPartOf":{"@id":"https:\/\/frankengolfschule.de\/de\/#website"},"datePublished":"2025-03-12T13:57:23+00:00","dateModified":"2026-01-26T11:54:06+00:00","breadcrumb":{"@id":"https:\/\/frankengolfschule.de\/de\/golfschule\/agb\/#breadcrumb"},"inLanguage":"de","potentialAction":[{"@type":"ReadAction","target":["https:\/\/frankengolfschule.de\/de\/golfschule\/agb\/"]}]},{"@type":"BreadcrumbList","@id":"https:\/\/frankengolfschule.de\/de\/golfschule\/agb\/#breadcrumb","itemListElement":[{"@type":"ListItem","position":1,"name":"Startseite","item":"https:\/\/frankengolfschule.de\/de\/"},{"@type":"ListItem","position":2,"name":"Golfschule","item":"https:\/\/frankengolfschule.de\/de\/"},{"@type":"ListItem","position":3,"name":"AGB"}]},{"@type":"WebSite","@id":"https:\/\/frankengolfschule.de\/de\/#website","url":"https:\/\/frankengolfschule.de\/de\/","name":"Frankengolfschule Daniela Hunger","description":"","publisher":{"@id":"https:\/\/frankengolfschule.de\/de\/#organization"},"potentialAction":[{"@type":"SearchAction","target":{"@type":"EntryPoint","urlTemplate":"https:\/\/frankengolfschule.de\/de\/?s={search_term_string}"},"query-input":{"@type":"PropertyValueSpecification","valueRequired":true,"valueName":"search_term_string"}}],"inLanguage":"de"},{"@type":"Organization","@id":"https:\/\/frankengolfschule.de\/de\/#organization","name":"Frankengolfschule Daniela Hunger","url":"https:\/\/frankengolfschule.de\/de\/","logo":{"@type":"ImageObject","inLanguage":"de","@id":"https:\/\/frankengolfschule.de\/de\/#\/schema\/logo\/image\/","url":"https:\/\/frankengolfschule.de\/de\/wp-content\/uploads\/2025\/03\/FGS_Logo_1.png","contentUrl":"https:\/\/frankengolfschule.de\/de\/wp-content\/uploads\/2025\/03\/FGS_Logo_1.png","width":600,"height":76,"caption":"Frankengolfschule Daniela Hunger"},"image":{"@id":"https:\/\/frankengolfschule.de\/de\/#\/schema\/logo\/image\/"}}]}},"_links":{"self":[{"href":"https:\/\/frankengolfschule.de\/de\/wp-json\/wp\/v2\/pages\/1313","targetHints":{"allow":["GET"]}}],"collection":[{"href":"https:\/\/frankengolfschule.de\/de\/wp-json\/wp\/v2\/pages"}],"about":[{"href":"https:\/\/frankengolfschule.de\/de\/wp-json\/wp\/v2\/types\/page"}],"author":[{"embeddable":true,"href":"https:\/\/frankengolfschule.de\/de\/wp-json\/wp\/v2\/users\/2"}],"replies":[{"embeddable":true,"href":"https:\/\/frankengolfschule.de\/de\/wp-json\/wp\/v2\/comments?post=1313"}],"version-history":[{"count":7,"href":"https:\/\/frankengolfschule.de\/de\/wp-json\/wp\/v2\/pages\/1313\/revisions"}],"predecessor-version":[{"id":1910,"href":"https:\/\/frankengolfschule.de\/de\/wp-json\/wp\/v2\/pages\/1313\/revisions\/1910"}],"up":[{"embeddable":true,"href":"https:\/\/frankengolfschule.de\/de\/wp-json\/wp\/v2\/pages\/26"}],"wp:attachment":[{"href":"https:\/\/frankengolfschule.de\/de\/wp-json\/wp\/v2\/media?parent=1313"}],"curies":[{"name":"wp","href":"https:\/\/api.w.org\/{rel}","templated":true}]}}