{"id":1281,"date":"2025-03-12T14:18:26","date_gmt":"2025-03-12T13:18:26","guid":{"rendered":"https:\/\/frankengolfschule.de\/de\/?page_id=1281"},"modified":"2025-03-17T09:13:00","modified_gmt":"2025-03-17T08:13:00","slug":"lehrphilosophie","status":"publish","type":"page","link":"https:\/\/frankengolfschule.de\/de\/golfschule\/lehrphilosophie\/","title":{"rendered":"Lehrphilosophie"},"content":{"rendered":"<p>[et_pb_section fb_built=\u201c1\u201d custom_padding_last_edited=\u201con|phone\u201d admin_label=\u201cWillkommen\u201d _builder_version=\u201c4.27.4\u201d _module_preset=\u201cdefault\u201d background_color=\u201cRGBA(255,255,255,0)\u201d custom_margin=\u201c30px||||false|false\u201d custom_margin_last_edited=\u201coff|phone\u201d custom_padding=\u201c0px||70px||false|false\u201d custom_padding_tablet=\u201c0px||70px||false|false\u201d custom_padding_phone=\u201c20px||0px||false|false\u201d top_divider_color=\u201d#EFEFEF\u201d top_divider_height=\u201c169px\u201d bottom_divider_color=\u201d#CCCCCC\u201d global_colors_info=\u201d{}\u201d][et_pb_row use_custom_gutter=\u201con\u201d gutter_width=\u201c1\u201d make_equal=\u201con\u201d admin_label=\u201cFransenrand\u201d _builder_version=\u201c4.27.4\u201d _module_preset=\u201cdefault\u201d background_color=\u201crgba(255,255,255,0.8)\u201d background_enable_image=\u201coff\u201d background_size=\u201ccontain\u201d background_position=\u201cbottom_center\u201d background_enable_pattern_style=\u201con\u201d background_pattern_style=\u201cdiagonal-stripes\u201d background_pattern_size=\u201ccustom\u201d background_pattern_width=\u201c5px\u201d background_pattern_height=\u201c0px\u201d background_pattern_repeat_origin=\u201ccenter\u201d width=\u201c100%\u201d height=\u201c5px\u201d custom_margin=\u201c0px||0px||true|false\u201d custom_padding=\u201c0px||0px||false|false\u201d global_colors_info=\u201d{}\u201d][et_pb_column type=\u201c4_4\u201d _builder_version=\u201c4.27.4\u201d _module_preset=\u201cdefault\u201d custom_padding=\u201c40px|30px|||false|false\u201d global_colors_info=\u201d{}\u201d][\/et_pb_column][\/et_pb_row][et_pb_row use_custom_gutter=\u201con\u201d gutter_width=\u201c1\u201d make_equal=\u201con\u201d _builder_version=\u201c4.27.4\u201d _module_preset=\u201cdefault\u201d background_color=\u201crgba(255,255,255,0.9)\u201d background_enable_image=\u201coff\u201d background_size=\u201ccontain\u201d background_position=\u201cbottom_center\u201d width=\u201c100%\u201d custom_margin=\u201c0px||0px||true|false\u201d custom_padding=\u201c0px||50px||false|false\u201d hover_enabled=\u201c0\u201d global_colors_info=\u201d{}\u201d sticky_enabled=\u201c0\u201d][et_pb_column type=\u201c4_4\u201d _builder_version=\u201c4.27.4\u201d _module_preset=\u201cdefault\u201d custom_padding=\u201c40px|20px||20px|false|true\u201d hover_enabled=\u201c0\u201d global_colors_info=\u201d{}\u201d sticky_enabled=\u201c0\u201d][et_pb_text _builder_version=\u201c4.27.4\u201d _module_preset=\u201cdefault\u201d header_text_align=\u201ccenter\u201d header_font_size=\u201c38px\u201d header_line_height=\u201c1.4em\u201d custom_margin=\u201d||30px||false|false\u201d header_font_size_tablet=\u201c38px\u201d header_font_size_phone=\u201c26px\u201d header_font_size_last_edited=\u201con|phone\u201d global_colors_info=\u201d{}\u201d]<\/p>\n<h1 class=\"uk-article-title uk-margin-top-remove\">Lehrphilosophie<\/h1>\n<p>[\/et_pb_text][et_pb_text _builder_version=\u201c4.27.4\u201d _module_preset=\u201cdefault\u201d text_font_size=\u201c16px\u201d header_text_align=\u201ccenter\u201d header_font_size=\u201c38px\u201d header_3_font=\u201d|||on|||||\u201d header_3_text_color=\u201c#000000\u201d header_3_font_size=\u201c20px\u201d header_3_line_height=\u201c1.4em\u201d custom_margin=\u201d|50px||50px|false|true\u201d global_colors_info=\u201d{}\u201d]<\/p>\n<p class=\"text-center\" style=\"text-align: left;\"><span>In ers\u00adter Linie ist es mir wich\u00adtig, dass der Unterricht in mei\u00adner Golfschule Freude berei\u00adtet. Denn nur durch Spa\u00df am und beim Lernen stellt sich Erfolg schnel\u00adler ein. In einem&nbsp;Vorgespr\u00e4ch wer\u00adden wir \u00fcber Ihre W\u00fcnsche und Ziele im Golf sprechen.<\/span><\/p>\n<p><span>Ich ver\u00adzich\u00adte bewusst auf kom\u00adpli\u00adzier\u00adte Fachausdr\u00fccke. Mittels klar ver\u00adst\u00e4nd\u00adli\u00adcher Anleitung wer\u00adden Sie Schritt f\u00fcr Schritt an den f\u00fcr Sie rich\u00adti\u00adgen Golfschwung her\u00adan\u00adge\u00adf\u00fchrt. \u00c4u\u00dferst wich\u00adtig ist mir dabei ein k\u00f6r\u00adper- und r\u00fccken\u00adfreund\u00adli\u00adcher Unterricht. Auch fort\u00adge\u00adschrit\u00adte\u00adne Golfer pro\u00adfi\u00adtie\u00adren von dem indi\u00advi\u00addu\u00adel\u00adlen Training und brau\u00adchen kei\u00adne Angst zu haben, dass prin\u00adzi\u00adpi\u00adell der Golfschwung umge\u00adstellt wird. Durch gemein\u00adsa\u00admes Betrachten des&nbsp;Bewegungsablaufes im Rahmen einer Videoanalyse, k\u00f6n\u00adnen im Schwung die betrof\u00adfe\u00adnen Segmente&nbsp;her\u00adaus\u00adge\u00adfil\u00adtert und iso\u00adliert trai\u00adniert wer\u00adden. Ihre Schwungaufnahmen sen\u00adde ich Ihnen nach dem Unterricht per Mail zu.<\/span><br><span>Doch nicht nur der Unterricht ist spe\u00adzi\u00adell auf den jewei\u00adli\u00adgen Golfer zuge\u00adschnit\u00adten. Damit nach der \u00dcbungsstunde sinn\u00advoll wei\u00adter\u00adge\u00ad\u00fcbt wer\u00adden kann, erar\u00adbei\u00adte ich f\u00fcr Sie einen per\u00ads\u00f6n\u00adli\u00adchen Trainingsplan. F\u00fcr vie\u00adle Golfer ist zum Beispiel&nbsp;das Trainieren des kur\u00adzen Spiels oft lang\u00adwei\u00adlig, ein not\u00adwen\u00addi\u00adges \u00dcbel, und wird des\u00adwe\u00adgen nicht sel\u00adten ver\u00adnach\u00adl\u00e4s\u00adsigt. Doch Bunkerschl\u00e4ge, Chippen, Pitchen und Putten sind wich\u00adti\u00adge Bestandteile des Spiels. Ich zei\u00adge Ihnen, wie das \u00dcben Spa\u00df macht. Dadurch stellt sich geziel\u00adter und schnel\u00adler der Erfolg ein. Auch nach einem Bandscheibenvorfall, Kreuzbandriss, Tennisarm, Herzinfarkt oder Schlaganfall&nbsp;k\u00f6n\u00adnen Sie noch&nbsp;spie\u00adlen, denn ich gehe auf Ihre k\u00f6r\u00adper\u00adli\u00adchen Handicaps ein.<\/span><\/p>\n<p><span>Die Anatomie der Frau ist dif\u00adfe\u00adren\u00adzier\u00adter&nbsp;als die des Mannes und das ber\u00fcck\u00adsich\u00adti\u00adge ich selbst\u00adver\u00adst\u00e4nd\u00adlich w\u00e4h\u00adrend der Unterrichtseinheiten. Viele Senioren den\u00adken, sie w\u00e4ren zu alt f\u00fcr das Spiel. Ich den\u00adke da anders! Denn Golf st\u00e4rkt scho\u00adnend Fitness, Ausdauer, Immunsystem und Psyche. Sich an der fri\u00adschen Luft zu bewe\u00adgen bekommt jedem&nbsp;Alter.<\/span><\/p>\n<p>[\/et_pb_text][\/et_pb_column][\/et_pb_row][et_pb_row use_custom_gutter=\u201con\u201d gutter_width=\u201c1\u201d make_equal=\u201con\u201d disabled_on=\u201coff|off|off\u201d admin_label=\u201cFransenrand\u201d _builder_version=\u201c4.27.4\u201d _module_preset=\u201cdefault\u201d background_color=\u201crgba(255,255,255,0.8)\u201d background_enable_image=\u201coff\u201d background_size=\u201ccontain\u201d background_position=\u201cbottom_center\u201d background_enable_pattern_style=\u201con\u201d background_pattern_style=\u201cdiagonal-stripes\u201d background_pattern_size=\u201ccustom\u201d background_pattern_width=\u201c5px\u201d background_pattern_height=\u201c0px\u201d background_pattern_repeat_origin=\u201ccenter\u201d width=\u201c100%\u201d height=\u201c5px\u201d custom_margin=\u201c0px||0px||false|false\u201d custom_padding=\u201c0px||0px||false|false\u201d locked=\u201coff\u201d global_colors_info=\u201d{}\u201d][et_pb_column type=\u201c4_4\u201d _builder_version=\u201c4.27.4\u201d _module_preset=\u201cdefault\u201d custom_padding=\u201c40px|30px|||false|false\u201d global_colors_info=\u201d{}\u201d][\/et_pb_column][\/et_pb_row][\/et_pb_section][et_pb_section fb_built=\u201c1\u201d disabled_on=\u201coff|off|off\u201d admin_label=\u201cLeer\u201d _builder_version=\u201c4.27.4\u201d _module_preset=\u201cdefault\u201d background_color=\u201cRGBA(255,255,255,0)\u201d height=\u201c50px\u201d height_phone=\u201c100px\u201d height_last_edited=\u201coff|phone\u201d custom_margin=\u201c0px||50px||false|false\u201d custom_padding=\u201c0px||50px||false|false\u201d top_divider_color=\u201d#EFEFEF\u201d top_divider_height=\u201c169px\u201d bottom_divider_color=\u201d#CCCCCC\u201d global_colors_info=\u201d{}\u201d][et_pb_row _builder_version=\u201c4.27.4\u201d _module_preset=\u201cdefault\u201d global_colors_info=\u201d{}\u201d][et_pb_column type=\u201c4_4\u201d _builder_version=\u201c4.27.4\u201d _module_preset=\u201cdefault\u201d global_colors_info=\u201d{}\u201d][et_pb_text _builder_version=\u201c4.27.4\u201d _module_preset=\u201cdefault\u201d global_colors_info=\u201d{}\u201d][\/et_pb_text][\/et_pb_column][\/et_pb_row][\/et_pb_section]<\/p>\n","protected":false},"excerpt":{"rendered":"<p>LehrphilosophieIn ers\u00adter Linie ist es mir wich\u00adtig, dass der Unterricht in mei\u00adner Golfschule Freude berei\u00adtet. Denn nur durch Spa\u00df am und beim Lernen stellt sich Erfolg schnel\u00adler ein. In einem&nbsp;Vorgespr\u00e4ch wer\u00adden wir \u00fcber Ihre W\u00fcnsche und Ziele im Golf spre\u00adchen. Ich ver\u00adzich\u00adte bewusst auf kom\u00adpli\u00adzier\u00adte Fachausdr\u00fccke. Mittels klar ver\u00adst\u00e4nd\u00adli\u00adcher Anleitung wer\u00adden Sie Schritt f\u00fcr Schritt an den f\u00fcr Sie rich\u00adti\u00adgen Golfschwung her\u00adan\u00adge\u00adf\u00fchrt. \u00c4u\u00dferst wich\u00adtig ist mir dabei ein k\u00f6r\u00adper- und r\u00fccken\u00adfreund\u00adli\u00adcher Unterricht. Auch fort\u00adge\u00adschrit\u00adte\u00adne Golfer pro\u00adfi\u00adtie\u00adren von dem indi\u00advi\u00addu\u00adel\u00adlen Training und brau\u00adchen kei\u00adne Angst zu haben, dass prin\u00adzi\u00adpi\u00adell der Golfschwung umge\u00adstellt wird. Durch gemein\u00adsa\u00admes Betrachten des&nbsp;Bewegungsablaufes im Rahmen einer Videoanalyse, k\u00f6n\u00adnen im Schwung die betrof\u00adfe\u00adnen Segmente&nbsp;her\u00adaus\u00adge\u00adfil\u00adtert und iso\u00adliert trai\u00adniert wer\u00adden. Ihre Schwungaufnahmen sen\u00adde ich Ihnen nach dem Unterricht per Mail zu.Doch nicht nur der Unterricht ist spe\u00adzi\u00adell auf den jewei\u00adli\u00adgen Golfer zuge\u00adschnit\u00adten. Damit nach der \u00dcbungsstunde sinn\u00advoll wei\u00adter\u00adge\u00ad\u00fcbt wer\u00adden kann, erar\u00adbei\u00adte ich f\u00fcr Sie einen per\u00ads\u00f6n\u00adli\u00adchen Trainingsplan. F\u00fcr vie\u00adle Golfer ist zum Beispiel&nbsp;das Trainieren des kur\u00adzen Spiels oft lang\u00adwei\u00adlig, ein not\u00adwen\u00addi\u00adges \u00dcbel, und wird des\u00adwe\u00adgen nicht sel\u00adten ver\u00adnach\u00adl\u00e4s\u00adsigt. Doch Bunkerschl\u00e4ge, Chippen, Pitchen und Putten sind wich\u00adti\u00adge Bestandteile des Spiels. Ich zei\u00adge Ihnen, wie das \u00dcben Spa\u00df macht. Dadurch stellt sich geziel\u00adter und schnel\u00adler der Erfolg ein. Auch nach einem Bandscheibenvorfall,&nbsp;[\u2026]<\/p>\n","protected":false},"author":2,"featured_media":0,"parent":26,"menu_order":0,"comment_status":"closed","ping_status":"closed","template":"","meta":{"_et_pb_use_builder":"on","_et_pb_old_content":"","_et_gb_content_width":"","wp_typography_post_enhancements_disabled":false,"footnotes":""},"class_list":["post-1281","page","type-page","status-publish","hentry"],"yoast_head":"<!-- This site is optimized with the Yoast SEO plugin v27.0 - https:\/\/yoast.com\/product\/yoast-seo-wordpress\/ -->\n<title>Lehrphilosophie - Golfschule<\/title>\n<meta name=\"robots\" content=\"index, follow, max-snippet:-1, max-image-preview:large, max-video-preview:-1\" \/>\n<link rel=\"canonical\" href=\"https:\/\/frankengolfschule.de\/de\/golfschule\/lehrphilosophie\/\" \/>\n<meta property=\"og:locale\" content=\"de_DE\" \/>\n<meta property=\"og:type\" content=\"article\" \/>\n<meta property=\"og:title\" content=\"Lehrphilosophie - Golfschule\" \/>\n<meta property=\"og:description\" content=\"LehrphilosophieIn erster Linie ist es mir wichtig, dass der Unterricht in meiner Golfschule Freude bereitet. Denn nur durch Spa\u00df am und beim Lernen stellt sich Erfolg schneller ein. In einem\u00a0Vorgespr\u00e4ch werden wir \u00fcber Ihre W\u00fcnsche und Ziele im Golf sprechen. Ich verzichte bewusst auf komplizierte Fachausdr\u00fccke. Mittels klar verst\u00e4ndlicher Anleitung werden Sie Schritt f\u00fcr Schritt an den f\u00fcr Sie richtigen Golfschwung herangef\u00fchrt. \u00c4u\u00dferst wichtig ist mir dabei ein k\u00f6rper- und r\u00fcckenfreundlicher Unterricht. Auch fortgeschrittene Golfer profitieren von dem individuellen Training und brauchen keine Angst zu haben, dass prinzipiell der Golfschwung umgestellt wird. Durch gemeinsames Betrachten des\u00a0Bewegungsablaufes im Rahmen einer Videoanalyse, k\u00f6nnen im Schwung die betroffenen Segmente\u00a0herausgefiltert und isoliert trainiert werden. Ihre Schwungaufnahmen sende ich Ihnen nach dem Unterricht per Mail zu.Doch nicht nur der Unterricht ist speziell auf den jeweiligen Golfer zugeschnitten. Damit nach der \u00dcbungsstunde sinnvoll weiterge\u00fcbt werden kann, erarbeite ich f\u00fcr Sie einen pers\u00f6nlichen Trainingsplan. F\u00fcr viele Golfer ist zum Beispiel\u00a0das Trainieren des kurzen Spiels oft langweilig, ein notwendiges \u00dcbel, und wird deswegen nicht selten vernachl\u00e4ssigt. Doch Bunkerschl\u00e4ge, Chippen, Pitchen und Putten sind wichtige Bestandteile des Spiels. Ich zeige Ihnen, wie das \u00dcben Spa\u00df macht. Dadurch stellt sich gezielter und schneller der Erfolg ein. Auch nach einem Bandscheibenvorfall, [&hellip;]\" \/>\n<meta property=\"og:url\" content=\"https:\/\/frankengolfschule.de\/de\/golfschule\/lehrphilosophie\/\" \/>\n<meta property=\"og:site_name\" content=\"Golfschule\" \/>\n<meta property=\"article:modified_time\" content=\"2025-03-17T08:13:00+00:00\" \/>\n<meta name=\"twitter:card\" content=\"summary_large_image\" \/>\n<meta name=\"twitter:label1\" content=\"Gesch\u00e4tzte Lesezeit\" \/>\n\t<meta name=\"twitter:data1\" content=\"3\u00a0Minuten\" \/>\n<script type=\"application\/ld+json\" class=\"yoast-schema-graph\">{\"@context\":\"https:\/\/schema.org\",\"@graph\":[{\"@type\":\"WebPage\",\"@id\":\"https:\/\/frankengolfschule.de\/de\/golfschule\/lehrphilosophie\/\",\"url\":\"https:\/\/frankengolfschule.de\/de\/golfschule\/lehrphilosophie\/\",\"name\":\"Lehrphilosophie - Golfschule\",\"isPartOf\":{\"@id\":\"https:\/\/frankengolfschule.de\/de\/#website\"},\"datePublished\":\"2025-03-12T13:18:26+00:00\",\"dateModified\":\"2025-03-17T08:13:00+00:00\",\"breadcrumb\":{\"@id\":\"https:\/\/frankengolfschule.de\/de\/golfschule\/lehrphilosophie\/#breadcrumb\"},\"inLanguage\":\"de\",\"potentialAction\":[{\"@type\":\"ReadAction\",\"target\":[\"https:\/\/frankengolfschule.de\/de\/golfschule\/lehrphilosophie\/\"]}]},{\"@type\":\"BreadcrumbList\",\"@id\":\"https:\/\/frankengolfschule.de\/de\/golfschule\/lehrphilosophie\/#breadcrumb\",\"itemListElement\":[{\"@type\":\"ListItem\",\"position\":1,\"name\":\"Startseite\",\"item\":\"https:\/\/frankengolfschule.de\/de\/\"},{\"@type\":\"ListItem\",\"position\":2,\"name\":\"Golfschule\",\"item\":\"https:\/\/frankengolfschule.de\/de\/\"},{\"@type\":\"ListItem\",\"position\":3,\"name\":\"Lehrphilosophie\"}]},{\"@type\":\"WebSite\",\"@id\":\"https:\/\/frankengolfschule.de\/de\/#website\",\"url\":\"https:\/\/frankengolfschule.de\/de\/\",\"name\":\"Frankengolfschule Daniela Hunger\",\"description\":\"\",\"publisher\":{\"@id\":\"https:\/\/frankengolfschule.de\/de\/#organization\"},\"potentialAction\":[{\"@type\":\"SearchAction\",\"target\":{\"@type\":\"EntryPoint\",\"urlTemplate\":\"https:\/\/frankengolfschule.de\/de\/?s={search_term_string}\"},\"query-input\":{\"@type\":\"PropertyValueSpecification\",\"valueRequired\":true,\"valueName\":\"search_term_string\"}}],\"inLanguage\":\"de\"},{\"@type\":\"Organization\",\"@id\":\"https:\/\/frankengolfschule.de\/de\/#organization\",\"name\":\"Frankengolfschule Daniela Hunger\",\"url\":\"https:\/\/frankengolfschule.de\/de\/\",\"logo\":{\"@type\":\"ImageObject\",\"inLanguage\":\"de\",\"@id\":\"https:\/\/frankengolfschule.de\/de\/#\/schema\/logo\/image\/\",\"url\":\"https:\/\/frankengolfschule.de\/de\/wp-content\/uploads\/2025\/03\/FGS_Logo_1.png\",\"contentUrl\":\"https:\/\/frankengolfschule.de\/de\/wp-content\/uploads\/2025\/03\/FGS_Logo_1.png\",\"width\":600,\"height\":76,\"caption\":\"Frankengolfschule Daniela Hunger\"},\"image\":{\"@id\":\"https:\/\/frankengolfschule.de\/de\/#\/schema\/logo\/image\/\"}}]}<\/script>\n<!-- \/ Yoast SEO plugin. -->","yoast_head_json":{"title":"Lehrphilosophie - Golfschule","robots":{"index":"index","follow":"follow","max-snippet":"max-snippet:-1","max-image-preview":"max-image-preview:large","max-video-preview":"max-video-preview:-1"},"canonical":"https:\/\/frankengolfschule.de\/de\/golfschule\/lehrphilosophie\/","og_locale":"de_DE","og_type":"article","og_title":"Lehrphilosophie - Golfschule","og_description":"LehrphilosophieIn erster Linie ist es mir wichtig, dass der Unterricht in meiner Golfschule Freude bereitet. Denn nur durch Spa\u00df am und beim Lernen stellt sich Erfolg schneller ein. In einem\u00a0Vorgespr\u00e4ch werden wir \u00fcber Ihre W\u00fcnsche und Ziele im Golf sprechen. Ich verzichte bewusst auf komplizierte Fachausdr\u00fccke. Mittels klar verst\u00e4ndlicher Anleitung werden Sie Schritt f\u00fcr Schritt an den f\u00fcr Sie richtigen Golfschwung herangef\u00fchrt. \u00c4u\u00dferst wichtig ist mir dabei ein k\u00f6rper- und r\u00fcckenfreundlicher Unterricht. Auch fortgeschrittene Golfer profitieren von dem individuellen Training und brauchen keine Angst zu haben, dass prinzipiell der Golfschwung umgestellt wird. Durch gemeinsames Betrachten des\u00a0Bewegungsablaufes im Rahmen einer Videoanalyse, k\u00f6nnen im Schwung die betroffenen Segmente\u00a0herausgefiltert und isoliert trainiert werden. Ihre Schwungaufnahmen sende ich Ihnen nach dem Unterricht per Mail zu.Doch nicht nur der Unterricht ist speziell auf den jeweiligen Golfer zugeschnitten. Damit nach der \u00dcbungsstunde sinnvoll weiterge\u00fcbt werden kann, erarbeite ich f\u00fcr Sie einen pers\u00f6nlichen Trainingsplan. F\u00fcr viele Golfer ist zum Beispiel\u00a0das Trainieren des kurzen Spiels oft langweilig, ein notwendiges \u00dcbel, und wird deswegen nicht selten vernachl\u00e4ssigt. Doch Bunkerschl\u00e4ge, Chippen, Pitchen und Putten sind wichtige Bestandteile des Spiels. Ich zeige Ihnen, wie das \u00dcben Spa\u00df macht. Dadurch stellt sich gezielter und schneller der Erfolg ein. Auch nach einem Bandscheibenvorfall, [&hellip;]","og_url":"https:\/\/frankengolfschule.de\/de\/golfschule\/lehrphilosophie\/","og_site_name":"Golfschule","article_modified_time":"2025-03-17T08:13:00+00:00","twitter_card":"summary_large_image","twitter_misc":{"Gesch\u00e4tzte Lesezeit":"3\u00a0Minuten"},"schema":{"@context":"https:\/\/schema.org","@graph":[{"@type":"WebPage","@id":"https:\/\/frankengolfschule.de\/de\/golfschule\/lehrphilosophie\/","url":"https:\/\/frankengolfschule.de\/de\/golfschule\/lehrphilosophie\/","name":"Lehrphilosophie - Golfschule","isPartOf":{"@id":"https:\/\/frankengolfschule.de\/de\/#website"},"datePublished":"2025-03-12T13:18:26+00:00","dateModified":"2025-03-17T08:13:00+00:00","breadcrumb":{"@id":"https:\/\/frankengolfschule.de\/de\/golfschule\/lehrphilosophie\/#breadcrumb"},"inLanguage":"de","potentialAction":[{"@type":"ReadAction","target":["https:\/\/frankengolfschule.de\/de\/golfschule\/lehrphilosophie\/"]}]},{"@type":"BreadcrumbList","@id":"https:\/\/frankengolfschule.de\/de\/golfschule\/lehrphilosophie\/#breadcrumb","itemListElement":[{"@type":"ListItem","position":1,"name":"Startseite","item":"https:\/\/frankengolfschule.de\/de\/"},{"@type":"ListItem","position":2,"name":"Golfschule","item":"https:\/\/frankengolfschule.de\/de\/"},{"@type":"ListItem","position":3,"name":"Lehrphilosophie"}]},{"@type":"WebSite","@id":"https:\/\/frankengolfschule.de\/de\/#website","url":"https:\/\/frankengolfschule.de\/de\/","name":"Frankengolfschule Daniela Hunger","description":"","publisher":{"@id":"https:\/\/frankengolfschule.de\/de\/#organization"},"potentialAction":[{"@type":"SearchAction","target":{"@type":"EntryPoint","urlTemplate":"https:\/\/frankengolfschule.de\/de\/?s={search_term_string}"},"query-input":{"@type":"PropertyValueSpecification","valueRequired":true,"valueName":"search_term_string"}}],"inLanguage":"de"},{"@type":"Organization","@id":"https:\/\/frankengolfschule.de\/de\/#organization","name":"Frankengolfschule Daniela Hunger","url":"https:\/\/frankengolfschule.de\/de\/","logo":{"@type":"ImageObject","inLanguage":"de","@id":"https:\/\/frankengolfschule.de\/de\/#\/schema\/logo\/image\/","url":"https:\/\/frankengolfschule.de\/de\/wp-content\/uploads\/2025\/03\/FGS_Logo_1.png","contentUrl":"https:\/\/frankengolfschule.de\/de\/wp-content\/uploads\/2025\/03\/FGS_Logo_1.png","width":600,"height":76,"caption":"Frankengolfschule Daniela Hunger"},"image":{"@id":"https:\/\/frankengolfschule.de\/de\/#\/schema\/logo\/image\/"}}]}},"_links":{"self":[{"href":"https:\/\/frankengolfschule.de\/de\/wp-json\/wp\/v2\/pages\/1281","targetHints":{"allow":["GET"]}}],"collection":[{"href":"https:\/\/frankengolfschule.de\/de\/wp-json\/wp\/v2\/pages"}],"about":[{"href":"https:\/\/frankengolfschule.de\/de\/wp-json\/wp\/v2\/types\/page"}],"author":[{"embeddable":true,"href":"https:\/\/frankengolfschule.de\/de\/wp-json\/wp\/v2\/users\/2"}],"replies":[{"embeddable":true,"href":"https:\/\/frankengolfschule.de\/de\/wp-json\/wp\/v2\/comments?post=1281"}],"version-history":[{"count":5,"href":"https:\/\/frankengolfschule.de\/de\/wp-json\/wp\/v2\/pages\/1281\/revisions"}],"predecessor-version":[{"id":1626,"href":"https:\/\/frankengolfschule.de\/de\/wp-json\/wp\/v2\/pages\/1281\/revisions\/1626"}],"up":[{"embeddable":true,"href":"https:\/\/frankengolfschule.de\/de\/wp-json\/wp\/v2\/pages\/26"}],"wp:attachment":[{"href":"https:\/\/frankengolfschule.de\/de\/wp-json\/wp\/v2\/media?parent=1281"}],"curies":[{"name":"wp","href":"https:\/\/api.w.org\/{rel}","templated":true}]}}